{"id":1262,"date":"2025-01-20T13:23:27","date_gmt":"2025-01-20T13:23:27","guid":{"rendered":"https:\/\/excelis-sa.com\/?page_id=1262"},"modified":"2025-03-16T19:10:17","modified_gmt":"2025-03-16T19:10:17","slug":"carrieres","status":"publish","type":"page","link":"https:\/\/excelis-sa.com\/en\/carrieres\/","title":{"rendered":"Carri\u00e8res"},"content":{"rendered":"<div data-elementor-type=\"wp-page\" data-elementor-id=\"1262\" class=\"elementor elementor-1262\">\n\t\t\t\t<div class=\"elementor-element elementor-element-1b54a30 e-con-full e-flex e-con e-parent\" data-id=\"1b54a30\" data-element_type=\"container\">\n\t\t\t\t<div class=\"elementor-element elementor-element-e110946 elementor-widget elementor-widget-html\" data-id=\"e110946\" data-element_type=\"widget\" data-widget_type=\"html.default\">\n\t\t\t\t<div class=\"elementor-widget-container\">\n\t\t\t\t\t<section class=\"relative bg-slate-100 overflow-hidden\">\n    <!-- Background Animation -->\n    <div class=\"absolute inset-0\">\n        <div class=\"absolute w-96 h-96 bg-[#3BB4E5] rounded-full mix-blend-multiply filter blur-3xl opacity-10 animate-blob -top-20 -left-20\"><\/div>\n        <div class=\"absolute w-96 h-96 bg-[#F7941D] rounded-full mix-blend-multiply filter blur-3xl opacity-10 animate-blob animation-delay-2000 top-40 right-20\"><\/div>\n        <div class=\"absolute w-96 h-96 bg-[#3BB4E5] rounded-full mix-blend-multiply filter blur-3xl opacity-10 animate-blob animation-delay-4000 bottom-20 left-1\/4\"><\/div>\n    <\/div>\n\n    <div class=\"relative\">\n        <div class=\"container mx-auto px-4 pt-32 pb-20\">\n            <!-- Main Section -->\n            <div class=\"max-w-5xl mx-auto\">\n                <!-- Header -->\n                <div class=\"text-center mb-16 space-y-6\">\n                    <h1 class=\"text-5xl md:text-7xl font-bold\">\n                        <span class=\"text-slate-800\">Rejoignez<\/span>\n                        <span class=\"bg-gradient-to-r from-[#3BB4E5] to-[#F7941D] bg-clip-text text-transparent\">notre \u00e9quipe<\/span>\n                    <\/h1>\n                    <p class=\"text-xl text-slate-600 max-w-2xl mx-auto\">\n                        Ensemble, cr\u00e9ons l'avenir des services financiers en Afrique\n                    <\/p>\n                <\/div>\n\n                <!-- Job Categories Grid -->\n                <div class=\"grid md:grid-cols-3 gap-6 mb-16\">\n                    <div class=\"group relative\">\n                        <div class=\"absolute inset-0 bg-gradient-to-r from-[#3BB4E5] to-[#F7941D] rounded-2xl opacity-0 group-hover:opacity-100 transition-opacity duration-300\"><\/div>\n                        <div class=\"relative bg-white shadow-md border border-slate-200 p-6 rounded-2xl hover:border-transparent transition-colors\">\n                            <div class=\"flex items-center justify-between mb-4\">\n                                <div class=\"w-12 h-12 rounded-xl bg-[#3BB4E5]\/15 flex items-center justify-center\">\n                                    <svg class=\"w-6 h-6 text-[#3BB4E5]\" fill=\"none\" viewbox=\"0 0 24 24\" stroke=\"currentColor\">\n                                        <path stroke-linecap=\"round\" stroke-linejoin=\"round\" stroke-width=\"2\" d=\"M10 20l4-16m4 4l4 4-4 4M6 16l-4-4 4-4\"\/>\n                                    <\/svg>\n                                <\/div>\n                                <span class=\"text-[#3BB4E5] text-sm\"><\/span>\n                            <\/div>\n                            <h3 class=\"text-slate-800 text-lg font-semibold mb-2\">Technologie<\/h3>\n                            <p class=\"text-slate-600\">Innovation & D\u00e9veloppement<\/p>\n                        <\/div>\n                    <\/div>\n\n                    <div class=\"group relative\">\n                        <div class=\"absolute inset-0 bg-gradient-to-r from-[#3BB4E5] to-[#F7941D] rounded-2xl opacity-0 group-hover:opacity-100 transition-opacity duration-300\"><\/div>\n                        <div class=\"relative bg-white shadow-md border border-slate-200 p-6 rounded-2xl hover:border-transparent transition-colors\">\n                            <div class=\"flex items-center justify-between mb-4\">\n                                <div class=\"w-12 h-12 rounded-xl bg-[#F7941D]\/15 flex items-center justify-center\">\n                                    <svg class=\"w-6 h-6 text-[#F7941D]\" fill=\"none\" viewbox=\"0 0 24 24\" stroke=\"currentColor\">\n                                        <path stroke-linecap=\"round\" stroke-linejoin=\"round\" stroke-width=\"2\" d=\"M12 8c-1.657 0-3 .895-3 2s1.343 2 3 2 3 .895 3 2-1.343 2-3 2m0-8c1.11 0 2.08.402 2.599 1M12 8V7m0 1v8m0 0v1m0-1c-1.11 0-2.08-.402-2.599-1M21 12a9 9 0 11-18 0 9 9 0 0118 0z\"\/>\n                                    <\/svg>\n                                <\/div>\n                                <span class=\"text-[#F7941D] text-sm\"><\/span>\n                            <\/div>\n                            <h3 class=\"text-slate-800 text-lg font-semibold mb-2\">Finance<\/h3>\n                            <p class=\"text-slate-600\">Analyse & Strat\u00e9gie<\/p>\n                        <\/div>\n                    <\/div>\n\n                    <div class=\"group relative\">\n                        <div class=\"absolute inset-0 bg-gradient-to-r from-[#3BB4E5] to-[#F7941D] rounded-2xl opacity-0 group-hover:opacity-100 transition-opacity duration-300\"><\/div>\n                        <div class=\"relative bg-white shadow-md border border-slate-200 p-6 rounded-2xl hover:border-transparent transition-colors\">\n                            <div class=\"flex items-center justify-between mb-4\">\n                                <div class=\"w-12 h-12 rounded-xl bg-[#3BB4E5]\/15 flex items-center justify-center\">\n                                    <svg class=\"w-6 h-6 text-[#3BB4E5]\" fill=\"none\" viewbox=\"0 0 24 24\" stroke=\"currentColor\">\n                                        <path stroke-linecap=\"round\" stroke-linejoin=\"round\" stroke-width=\"2\" d=\"M17 20h5v-2a3 3 0 00-5.356-1.857M17 20H7m10 0v-2c0-.656-.126-1.283-.356-1.857M7 20H2v-2a3 3 0 015.356-1.857M7 20v-2c0-.656.126-1.283.356-1.857m0 0a5.002 5.002 0 019.288 0M15 7a3 3 0 11-6 0 3 3 0 016 0zm6 3a2 2 0 11-4 0 2 2 0 014 0zM7 10a2 2 0 11-4 0 2 2 0 014 0z\"\/>\n                                    <\/svg>\n                                <\/div>\n                                <span class=\"text-[#3BB4E5] text-sm\"><\/span>\n                            <\/div>\n                            <h3 class=\"text-slate-800 text-lg font-semibold mb-2\">Commercial<\/h3>\n                            <p class=\"text-slate-600\">Vente & Relations<\/p>\n                        <\/div>\n                    <\/div>\n                <\/div>             \n            <\/div>\n        <\/div>\n    <\/div>\n<\/section>\t\t\t\t<\/div>\n\t\t\t\t<\/div>\n\t\t\t\t<\/div>\n\t\t<div class=\"elementor-element elementor-element-6e39aa1 e-flex e-con-boxed e-con e-parent\" data-id=\"6e39aa1\" data-element_type=\"container\">\n\t\t\t\t\t<div class=\"e-con-inner\">\n\t\t\t\t<div class=\"elementor-element elementor-element-e7af679 elementor-widget elementor-widget-heading\" data-id=\"e7af679\" data-element_type=\"widget\" data-widget_type=\"heading.default\">\n\t\t\t\t<div class=\"elementor-widget-container\">\n\t\t\t\t\t<h2 class=\"elementor-heading-title elementor-size-default\">Liste des offres d'emploi<\/h2>\t\t\t\t<\/div>\n\t\t\t\t<\/div>\n\t\t\t\t<div class=\"elementor-element elementor-element-b67291e elementor-widget elementor-widget-shortcode\" data-id=\"b67291e\" data-element_type=\"widget\" data-widget_type=\"shortcode.default\">\n\t\t\t\t<div class=\"elementor-widget-container\">\n\t\t\t\t\t\t\t<div class=\"elementor-shortcode\">\t<div class=\"jobs-none-container\">\n\t\t<p>Nous n'avons actuellement aucun poste vacant.<\/p>\n\t<\/div>\n\t<\/div>\n\t\t\t\t\t\t<\/div>\n\t\t\t\t<\/div>\n\t\t\t\t\t<\/div>\n\t\t\t\t<\/div>\n\t\t\t\t<\/div>","protected":false},"excerpt":{"rendered":"<p>Rejoignez notre \u00e9quipe Ensemble, cr\u00e9ons l&rsquo;avenir des services financiers en Afrique Technologie Innovation &#038; D\u00e9veloppement Finance Analyse &#038; Strat\u00e9gie Commercial Vente &#038; Relations Liste des offres d&#8217;emploi<\/p>","protected":false},"author":1,"featured_media":0,"parent":0,"menu_order":0,"comment_status":"closed","ping_status":"closed","template":"","meta":{"site-sidebar-layout":"no-sidebar","site-content-layout":"page-builder","ast-site-content-layout":"full-width-container","site-content-style":"default","site-sidebar-style":"default","ast-global-header-display":"","ast-banner-title-visibility":"","ast-main-header-display":"","ast-hfb-above-header-display":"","ast-hfb-below-header-display":"","ast-hfb-mobile-header-display":"","site-post-title":"disabled","ast-breadcrumbs-content":"","ast-featured-img":"disabled","footer-sml-layout":"","theme-transparent-header-meta":"","adv-header-id-meta":"","stick-header-meta":"","header-above-stick-meta":"","header-main-stick-meta":"","header-below-stick-meta":"","astra-migrate-meta-layouts":"set","ast-page-background-enabled":"default","ast-page-background-meta":{"desktop":{"background-color":"","background-image":"","background-repeat":"repeat","background-position":"center center","background-size":"auto","background-attachment":"scroll","background-type":"","background-media":"","overlay-type":"","overlay-color":"","overlay-opacity":"","overlay-gradient":""},"tablet":{"background-color":"","background-image":"","background-repeat":"repeat","background-position":"center center","background-size":"auto","background-attachment":"scroll","background-type":"","background-media":"","overlay-type":"","overlay-color":"","overlay-opacity":"","overlay-gradient":""},"mobile":{"background-color":"","background-image":"","background-repeat":"repeat","background-position":"center center","background-size":"auto","background-attachment":"scroll","background-type":"","background-media":"","overlay-type":"","overlay-color":"","overlay-opacity":"","overlay-gradient":""}},"ast-content-background-meta":{"desktop":{"background-color":"var(--ast-global-color-5)","background-image":"","background-repeat":"repeat","background-position":"center center","background-size":"auto","background-attachment":"scroll","background-type":"","background-media":"","overlay-type":"","overlay-color":"","overlay-opacity":"","overlay-gradient":""},"tablet":{"background-color":"var(--ast-global-color-5)","background-image":"","background-repeat":"repeat","background-position":"center center","background-size":"auto","background-attachment":"scroll","background-type":"","background-media":"","overlay-type":"","overlay-color":"","overlay-opacity":"","overlay-gradient":""},"mobile":{"background-color":"var(--ast-global-color-5)","background-image":"","background-repeat":"repeat","background-position":"center center","background-size":"auto","background-attachment":"scroll","background-type":"","background-media":"","overlay-type":"","overlay-color":"","overlay-opacity":"","overlay-gradient":""}},"footnotes":""},"class_list":["post-1262","page","type-page","status-publish","hentry"],"yoast_head":"<!-- This site is optimized with the Yoast SEO plugin v26.8 - https:\/\/yoast.com\/product\/yoast-seo-wordpress\/ -->\n<title>Carri\u00e8res - Excelis<\/title>\n<meta name=\"robots\" content=\"index, follow, max-snippet:-1, max-image-preview:large, max-video-preview:-1\" \/>\n<link rel=\"canonical\" href=\"https:\/\/excelis-sa.com\/en\/carrieres\/\" \/>\n<meta property=\"og:locale\" content=\"en_US\" \/>\n<meta property=\"og:type\" content=\"article\" \/>\n<meta property=\"og:title\" content=\"Carri\u00e8res - Excelis\" \/>\n<meta property=\"og:description\" content=\"Rejoignez notre \u00e9quipe Ensemble, cr\u00e9ons l&rsquo;avenir des services financiers en Afrique Technologie Innovation &#038; D\u00e9veloppement Finance Analyse &#038; Strat\u00e9gie Commercial Vente &#038; Relations Liste des offres d&#8217;emploi\" \/>\n<meta property=\"og:url\" content=\"https:\/\/excelis-sa.com\/en\/carrieres\/\" \/>\n<meta property=\"og:site_name\" content=\"Excelis\" \/>\n<meta property=\"article:modified_time\" content=\"2025-03-16T19:10:17+00:00\" \/>\n<meta name=\"twitter:card\" content=\"summary_large_image\" \/>\n<script type=\"application\/ld+json\" class=\"yoast-schema-graph\">{\"@context\":\"https:\/\/schema.org\",\"@graph\":[{\"@type\":\"WebPage\",\"@id\":\"https:\/\/excelis-sa.com\/carrieres\/\",\"url\":\"https:\/\/excelis-sa.com\/carrieres\/\",\"name\":\"Carri\u00e8res - Excelis\",\"isPartOf\":{\"@id\":\"https:\/\/excelis-sa.com\/#website\"},\"datePublished\":\"2025-01-20T13:23:27+00:00\",\"dateModified\":\"2025-03-16T19:10:17+00:00\",\"breadcrumb\":{\"@id\":\"https:\/\/excelis-sa.com\/carrieres\/#breadcrumb\"},\"inLanguage\":\"en-US\",\"potentialAction\":[{\"@type\":\"ReadAction\",\"target\":[\"https:\/\/excelis-sa.com\/carrieres\/\"]}]},{\"@type\":\"BreadcrumbList\",\"@id\":\"https:\/\/excelis-sa.com\/carrieres\/#breadcrumb\",\"itemListElement\":[{\"@type\":\"ListItem\",\"position\":1,\"name\":\"Home\",\"item\":\"https:\/\/excelis-sa.com\/\"},{\"@type\":\"ListItem\",\"position\":2,\"name\":\"Carri\u00e8res\"}]},{\"@type\":\"WebSite\",\"@id\":\"https:\/\/excelis-sa.com\/#website\",\"url\":\"https:\/\/excelis-sa.com\/\",\"name\":\"Excelis\",\"description\":\"\",\"publisher\":{\"@id\":\"https:\/\/excelis-sa.com\/#organization\"},\"potentialAction\":[{\"@type\":\"SearchAction\",\"target\":{\"@type\":\"EntryPoint\",\"urlTemplate\":\"https:\/\/excelis-sa.com\/?s={search_term_string}\"},\"query-input\":{\"@type\":\"PropertyValueSpecification\",\"valueRequired\":true,\"valueName\":\"search_term_string\"}}],\"inLanguage\":\"en-US\"},{\"@type\":\"Organization\",\"@id\":\"https:\/\/excelis-sa.com\/#organization\",\"name\":\"Excelis\",\"url\":\"https:\/\/excelis-sa.com\/\",\"logo\":{\"@type\":\"ImageObject\",\"inLanguage\":\"en-US\",\"@id\":\"https:\/\/excelis-sa.com\/#\/schema\/logo\/image\/\",\"url\":\"https:\/\/excelis-sa.com\/wp-content\/uploads\/2025\/01\/Logo-sans-slogan-1-scaled.jpg\",\"contentUrl\":\"https:\/\/excelis-sa.com\/wp-content\/uploads\/2025\/01\/Logo-sans-slogan-1-scaled.jpg\",\"width\":2560,\"height\":547,\"caption\":\"Excelis\"},\"image\":{\"@id\":\"https:\/\/excelis-sa.com\/#\/schema\/logo\/image\/\"}}]}<\/script>\n<!-- \/ Yoast SEO plugin. -->","yoast_head_json":{"title":"Carri\u00e8res - Excelis","robots":{"index":"index","follow":"follow","max-snippet":"max-snippet:-1","max-image-preview":"max-image-preview:large","max-video-preview":"max-video-preview:-1"},"canonical":"https:\/\/excelis-sa.com\/en\/carrieres\/","og_locale":"en_US","og_type":"article","og_title":"Carri\u00e8res - Excelis","og_description":"Rejoignez notre \u00e9quipe Ensemble, cr\u00e9ons l&rsquo;avenir des services financiers en Afrique Technologie Innovation &#038; D\u00e9veloppement Finance Analyse &#038; Strat\u00e9gie Commercial Vente &#038; Relations Liste des offres d&#8217;emploi","og_url":"https:\/\/excelis-sa.com\/en\/carrieres\/","og_site_name":"Excelis","article_modified_time":"2025-03-16T19:10:17+00:00","twitter_card":"summary_large_image","schema":{"@context":"https:\/\/schema.org","@graph":[{"@type":"WebPage","@id":"https:\/\/excelis-sa.com\/carrieres\/","url":"https:\/\/excelis-sa.com\/carrieres\/","name":"Carri\u00e8res - Excelis","isPartOf":{"@id":"https:\/\/excelis-sa.com\/#website"},"datePublished":"2025-01-20T13:23:27+00:00","dateModified":"2025-03-16T19:10:17+00:00","breadcrumb":{"@id":"https:\/\/excelis-sa.com\/carrieres\/#breadcrumb"},"inLanguage":"en-US","potentialAction":[{"@type":"ReadAction","target":["https:\/\/excelis-sa.com\/carrieres\/"]}]},{"@type":"BreadcrumbList","@id":"https:\/\/excelis-sa.com\/carrieres\/#breadcrumb","itemListElement":[{"@type":"ListItem","position":1,"name":"Home","item":"https:\/\/excelis-sa.com\/"},{"@type":"ListItem","position":2,"name":"Carri\u00e8res"}]},{"@type":"WebSite","@id":"https:\/\/excelis-sa.com\/#website","url":"https:\/\/excelis-sa.com\/","name":"Excelis","description":"","publisher":{"@id":"https:\/\/excelis-sa.com\/#organization"},"potentialAction":[{"@type":"SearchAction","target":{"@type":"EntryPoint","urlTemplate":"https:\/\/excelis-sa.com\/?s={search_term_string}"},"query-input":{"@type":"PropertyValueSpecification","valueRequired":true,"valueName":"search_term_string"}}],"inLanguage":"en-US"},{"@type":"Organization","@id":"https:\/\/excelis-sa.com\/#organization","name":"Excelis","url":"https:\/\/excelis-sa.com\/","logo":{"@type":"ImageObject","inLanguage":"en-US","@id":"https:\/\/excelis-sa.com\/#\/schema\/logo\/image\/","url":"https:\/\/excelis-sa.com\/wp-content\/uploads\/2025\/01\/Logo-sans-slogan-1-scaled.jpg","contentUrl":"https:\/\/excelis-sa.com\/wp-content\/uploads\/2025\/01\/Logo-sans-slogan-1-scaled.jpg","width":2560,"height":547,"caption":"Excelis"},"image":{"@id":"https:\/\/excelis-sa.com\/#\/schema\/logo\/image\/"}}]}},"_links":{"self":[{"href":"https:\/\/excelis-sa.com\/en\/wp-json\/wp\/v2\/pages\/1262","targetHints":{"allow":["GET"]}}],"collection":[{"href":"https:\/\/excelis-sa.com\/en\/wp-json\/wp\/v2\/pages"}],"about":[{"href":"https:\/\/excelis-sa.com\/en\/wp-json\/wp\/v2\/types\/page"}],"author":[{"embeddable":true,"href":"https:\/\/excelis-sa.com\/en\/wp-json\/wp\/v2\/users\/1"}],"replies":[{"embeddable":true,"href":"https:\/\/excelis-sa.com\/en\/wp-json\/wp\/v2\/comments?post=1262"}],"version-history":[{"count":0,"href":"https:\/\/excelis-sa.com\/en\/wp-json\/wp\/v2\/pages\/1262\/revisions"}],"wp:attachment":[{"href":"https:\/\/excelis-sa.com\/en\/wp-json\/wp\/v2\/media?parent=1262"}],"curies":[{"name":"wp","href":"https:\/\/api.w.org\/{rel}","templated":true}]}}