{"id":2165,"date":"2025-01-27T18:58:44","date_gmt":"2025-01-27T18:58:44","guid":{"rendered":"https:\/\/excelis-sa.com\/?page_id=2165"},"modified":"2025-02-12T09:24:00","modified_gmt":"2025-02-12T09:24:00","slug":"produits-logiciel-mcs-pour-la-gestion-de-microfinance","status":"publish","type":"page","link":"https:\/\/excelis-sa.com\/en\/produits-logiciel-mcs-pour-la-gestion-de-microfinance\/","title":{"rendered":"Logiciel MCS pour la gestion de microfinance"},"content":{"rendered":"<div data-elementor-type=\"wp-page\" data-elementor-id=\"2165\" class=\"elementor elementor-2165\">\n\t\t\t\t<div class=\"elementor-element elementor-element-9a7c549 e-con-full e-flex e-con e-parent\" data-id=\"9a7c549\" data-element_type=\"container\">\n\t\t\t\t<div class=\"elementor-element elementor-element-64ee0f4 elementor-widget elementor-widget-html\" data-id=\"64ee0f4\" data-element_type=\"widget\" data-widget_type=\"html.default\">\n\t\t\t\t<div class=\"elementor-widget-container\">\n\t\t\t\t\t<section class=\"relative bg-gradient-to-br from-sky-500 via-sky-600 to-sky-700 py-32 overflow-hidden\">\n    <!-- Subtle geometric shapes -->\n    <div class=\"absolute inset-0\">\n        <div class=\"absolute right-0 top-0 w-1\/3 h-full bg-white\/5 transform -skew-x-12\"><\/div>\n        <div class=\"absolute left-0 bottom-0 w-1\/4 h-full bg-black\/5 transform skew-x-12\"><\/div>\n    <\/div>\n\n    <div class=\"relative max-w-6xl mx-auto px-4\">\n        <div class=\"text-center space-y-12\">\n            <div class=\"space-y-4\">\n                <h1 class=\"text-5xl md:text-6xl font-bold !text-white tracking-tight\">\n                    Logiciel MCS\n                <\/h1>\n                <p class=\"text-2xl md:text-3xl text-white\/90 font-light\">\n                    pour la gestion de microfinance\n                <\/p>\n            <\/div>\n            \n            \n        <\/div>\n    <\/div>\n\n    <!-- Subtle pattern overlay -->\n    <div class=\"absolute inset-0 bg-gradient-to-t from-black\/10 to-transparent pointer-events-none\"><\/div>\n<\/section>\t\t\t\t<\/div>\n\t\t\t\t<\/div>\n\t\t\t\t<\/div>\n\t\t<div class=\"elementor-element elementor-element-be60d7f e-con-full e-flex e-con e-parent\" data-id=\"be60d7f\" data-element_type=\"container\">\n\t\t\t\t<div class=\"elementor-element elementor-element-8137856 elementor-widget elementor-widget-html\" data-id=\"8137856\" data-element_type=\"widget\" data-widget_type=\"html.default\">\n\t\t\t\t<div class=\"elementor-widget-container\">\n\t\t\t\t\t<div class=\"bg-gray-50 py-16\">\n    <!-- Introduction Section -->\n    <div class=\"max-w-7xl mx-auto px-4 mb-16\">\n        <h2 class=\"text-3xl font-bold text-gray-900 text-center mb-6\">\n             Une solution compl\u00e8te pour la gestion de microfinance\n        <\/h2>\n        <p class=\"text-lg text-gray-600 max-w-3xl mx-auto text-center\">\n            Le logiciel MCS est une solution de gestion moderne et intuitive con\u00e7ue pour r\u00e9pondre aux besoins sp\u00e9cifiques des institutions de microfinance. Avec ses fonctionnalit\u00e9s avanc\u00e9es et une interface conviviale, MCS simplifie la gestion quotidienne et am\u00e9liore l'efficacit\u00e9 op\u00e9rationnelle de votre organisation.\n        <\/p>\n    <\/div>\n\n    <!-- Caract\u00e9ristiques principales -->\n    <div class=\"max-w-7xl mx-auto px-4 mb-16\">\n        <h3 class=\"text-2xl font-bold text-gray-900 mb-8 text-center\">Caract\u00e9ristiques principales<\/h3>\n        <div class=\"grid grid-cols-1 md:grid-cols-2 lg:grid-cols-3 gap-8\">\n            <!-- Carte 1 -->\n            <div class=\"bg-white rounded-lg shadow-lg overflow-hidden\">\n                <div class=\"p-6\">\n                    <div class=\"w-12 h-12 bg-sky-100 rounded-lg flex items-center justify-center mb-4\">\n                        <svg class=\"w-6 h-6 text-sky-600\" fill=\"none\" stroke=\"currentColor\" viewbox=\"0 0 24 24\">\n                            <path stroke-linecap=\"round\" stroke-linejoin=\"round\" stroke-width=\"2\" d=\"M17 20h5v-2a3 3 0 00-5.356-1.857M17 20H7m10 0v-2c0-.656-.126-1.283-.356-1.857M7 20H2v-2a3 3 0 015.356-1.857M7 20v-2c0-.656.126-1.283.356-1.857m0 0a5.002 5.002 0 019.288 0M15 7a3 3 0 11-6 0 3 3 0 016 0zm6 3a2 2 0 11-4 0 2 2 0 014 0zM7 10a2 2 0 11-4 0 2 2 0 014 0z\"><\/path>\n                        <\/svg>\n                    <\/div>\n                    <h4 class=\"text-xl font-semibold text-gray-900 mb-2\">Gestion des clients et des adh\u00e9sions<\/h4>\n                    <ul class=\"space-y-2 text-gray-600\">\n                        <li class=\"flex items-start\">\n                            <span class=\"text-sky-600 mr-2\">\u2022<\/span>\n                            Enregistrement et suivi des clients individuels ou group\u00e9s\n                        <\/li>\n                        <li class=\"flex items-start\">\n                            <span class=\"text-sky-600 mr-2\">\u2022<\/span>\n                            Gestion des adh\u00e9sions et des profils clients avec des donn\u00e9es d\u00e9taill\u00e9es\n                        <\/li>\n                    <\/ul>\n                <\/div>\n            <\/div>\n\n            <!-- Carte 2 -->\n            <div class=\"bg-white rounded-lg shadow-lg overflow-hidden\">\n                <div class=\"p-6\">\n                    <div class=\"w-12 h-12 bg-orange-100 rounded-lg flex items-center justify-center mb-4\">\n                        <svg class=\"w-6 h-6 text-orange-600\" fill=\"none\" stroke=\"currentColor\" viewbox=\"0 0 24 24\">\n                            <path stroke-linecap=\"round\" stroke-linejoin=\"round\" stroke-width=\"2\" d=\"M12 8c-1.657 0-3 .895-3 2s1.343 2 3 2 3 .895 3 2-1.343 2-3 2m0-8c1.11 0 2.08.402 2.599 1M12 8V7m0 1v8m0 0v1m0-1c-1.11 0-2.08-.402-2.599-1M21 12a9 9 0 11-18 0 9 9 0 0118 0z\"><\/path>\n                        <\/svg>\n                    <\/div>\n                    <h4 class=\"text-xl font-semibold text-gray-900 mb-2\">Gestion des cr\u00e9dits et des pr\u00eats<\/h4>\n                    <ul class=\"space-y-2 text-gray-600\">\n                        <li class=\"flex items-start\">\n                            <span class=\"text-orange-600 mr-2\">\u2022<\/span>\n                            Suivi des demandes de pr\u00eats avec un processus d'approbation rapide\n                        <\/li>\n                        <li class=\"flex items-start\">\n                            <span class=\"text-orange-600 mr-2\">\u2022<\/span>\n                            Gestion des calendriers de remboursement\n                        <\/li>\n                        <li class=\"flex items-start\">\n                            <span class=\"text-orange-600 mr-2\">\u2022<\/span>\n                            Alertes automatiques pour les \u00e9ch\u00e9ances\n                        <\/li>\n                    <\/ul>\n                <\/div>\n            <\/div>\n\n            <!-- Carte 3 -->\n            <div class=\"bg-white rounded-lg shadow-lg overflow-hidden\">\n                <div class=\"p-6\">\n                    <div class=\"w-12 h-12 bg-sky-100 rounded-lg flex items-center justify-center mb-4\">\n                        <svg class=\"w-6 h-6 text-sky-600\" fill=\"none\" stroke=\"currentColor\" viewbox=\"0 0 24 24\">\n                            <path stroke-linecap=\"round\" stroke-linejoin=\"round\" stroke-width=\"2\" d=\"M3 10h18M7 15h1m4 0h1m-7 4h12a3 3 0 003-3V8a3 3 0 00-3-3H6a3 3 0 00-3 3v8a3 3 0 003 3z\"><\/path>\n                        <\/svg>\n                    <\/div>\n                    <h4 class=\"text-xl font-semibold text-gray-900 mb-2\">Gestion de l'\u00e9pargne et des d\u00e9p\u00f4ts<\/h4>\n                    <ul class=\"space-y-2 text-gray-600\">\n                        <li class=\"flex items-start\">\n                            <span class=\"text-sky-600 mr-2\">\u2022<\/span>\n                            Suivi des comptes d'\u00e9pargne et des d\u00e9p\u00f4ts\n                        <\/li>\n                        <li class=\"flex items-start\">\n                            <span class=\"text-sky-600 mr-2\">\u2022<\/span>\n                            Calcul automatis\u00e9 des int\u00e9r\u00eats\n                        <\/li>\n                        <li class=\"flex items-start\">\n                            <span class=\"text-sky-600 mr-2\">\u2022<\/span>\n                            Rapports d\u00e9taill\u00e9s par client\n                        <\/li>\n                    <\/ul>\n                <\/div>\n            <\/div>\n        <\/div>\n    <\/div>\n\n    <!-- Avantages Section -->\n    <div class=\"max-w-7xl mx-auto px-4\">\n        <h3 class=\"text-2xl font-bold text-gray-900 mb-8 text-center\">Avantages pour votre institution<\/h3>\n        <div class=\"grid grid-cols-1 md:grid-cols-2 gap-8\">\n            <!-- Carte Avantages -->\n            <div class=\"bg-gradient-to-br from-sky-500 to-sky-600 rounded-lg shadow-lg text-white p-8\">\n                <h4 class=\"text-xl font-semibold mb-4\">Pourquoi choisir le logiciel MCS ?<\/h4>\n                <p class=\"text-white\/90 mb-6\">\n                    Avec le logiciel MCS, vous disposez d'un outil puissant pour piloter votre institution de microfinance avec pr\u00e9cision et efficacit\u00e9. Que vous g\u00e9riez une petite structure ou une grande organisation, MCS vous aide \u00e0 atteindre vos objectifs.\n                <\/p>\n                <ul class=\"space-y-3\">\n                    <li class=\"flex items-start\">\n                        <span class=\"text-orange-300 mr-2\">\u2713<\/span>\n                        <span>Gain de temps et productivit\u00e9 accrue<\/span>\n                    <\/li>\n                    <li class=\"flex items-start\">\n                        <span class=\"text-orange-300 mr-2\">\u2713<\/span>\n                        <span>Fiabilit\u00e9 et s\u00e9curit\u00e9 maximale des donn\u00e9es<\/span>\n                    <\/li>\n                    <li class=\"flex items-start\">\n                        <span class=\"text-orange-300 mr-2\">\u2713<\/span>\n                        <span>Personnalisation selon vos besoins<\/span>\n                    <\/li>\n                <\/ul>\n            <\/div>\n\n            <!-- Carte Automatisation -->\n            <div class=\"bg-white rounded-lg shadow-lg p-8\">\n                <h4 class=\"text-xl font-semibold text-gray-900 mb-4\">Automatisation et connectivit\u00e9<\/h4>\n                <ul class=\"space-y-4 text-gray-600\">\n                    <li class=\"flex items-start\">\n                        <div class=\"flex-shrink-0 w-8 h-8 bg-orange-100 rounded-lg flex items-center justify-center mr-3\">\n                            <svg class=\"w-4 h-4 text-orange-600\" fill=\"none\" stroke=\"currentColor\" viewbox=\"0 0 24 24\">\n                                <path stroke-linecap=\"round\" stroke-linejoin=\"round\" stroke-width=\"2\" d=\"M13 10V3L4 14h7v7l9-11h-7z\"><\/path>\n                            <\/svg>\n                        <\/div>\n                        <span>Int\u00e9gration avec les plateformes de paiement mobile<\/span>\n                    <\/li>\n                    <li class=\"flex items-start\">\n                        <div class=\"flex-shrink-0 w-8 h-8 bg-sky-100 rounded-lg flex items-center justify-center mr-3\">\n                            <svg class=\"w-4 h-4 text-sky-600\" fill=\"none\" stroke=\"currentColor\" viewbox=\"0 0 24 24\">\n                                <path stroke-linecap=\"round\" stroke-linejoin=\"round\" stroke-width=\"2\" d=\"M8 10h.01M12 10h.01M16 10h.01M9 16H5a2 2 0 01-2-2V6a2 2 0 012-2h14a2 2 0 012 2v8a2 2 0 01-2 2h-5l-5 5v-5z\"><\/path>\n                            <\/svg>\n                        <\/div>\n                        <span>Notifications automatiques par SMS et email<\/span>\n                    <\/li>\n                    <li class=\"flex items-start\">\n                        <div class=\"flex-shrink-0 w-8 h-8 bg-orange-100 rounded-lg flex items-center justify-center mr-3\">\n                            <svg class=\"w-4 h-4 text-orange-600\" fill=\"none\" stroke=\"currentColor\" viewbox=\"0 0 24 24\">\n                                <path stroke-linecap=\"round\" stroke-linejoin=\"round\" stroke-width=\"2\" d=\"M9 5H7a2 2 0 00-2 2v12a2 2 0 002 2h10a2 2 0 002-2V7a2 2 0 00-2-2h-2M9 5a2 2 0 002 2h2a2 2 0 002-2M9 5a2 2 0 012-2h2a2 2 0 012 2\"><\/path>\n                            <\/svg>\n                        <\/div>\n                        <span>Automatisation des t\u00e2ches r\u00e9p\u00e9titives<\/span>\n                    <\/li>\n                <\/ul>\n            <\/div>\n        <\/div>\n    <\/div>\n<\/div>\t\t\t\t<\/div>\n\t\t\t\t<\/div>\n\t\t\t\t<\/div>\n\t\t\t\t<\/div>","protected":false},"excerpt":{"rendered":"<p>Logiciel MCS pour la gestion de microfinance Une solution compl\u00e8te pour la gestion de microfinance Le logiciel MCS est une solution de gestion moderne et intuitive con\u00e7ue pour r\u00e9pondre aux besoins sp\u00e9cifiques des institutions de microfinance. Avec ses fonctionnalit\u00e9s avanc\u00e9es et une interface conviviale, MCS simplifie la gestion quotidienne et am\u00e9liore l&rsquo;efficacit\u00e9 op\u00e9rationnelle de votre [&hellip;]<\/p>","protected":false},"author":1,"featured_media":0,"parent":0,"menu_order":0,"comment_status":"closed","ping_status":"closed","template":"","meta":{"site-sidebar-layout":"no-sidebar","site-content-layout":"page-builder","ast-site-content-layout":"full-width-container","site-content-style":"default","site-sidebar-style":"default","ast-global-header-display":"","ast-banner-title-visibility":"","ast-main-header-display":"","ast-hfb-above-header-display":"","ast-hfb-below-header-display":"","ast-hfb-mobile-header-display":"","site-post-title":"disabled","ast-breadcrumbs-content":"","ast-featured-img":"disabled","footer-sml-layout":"","theme-transparent-header-meta":"","adv-header-id-meta":"","stick-header-meta":"","header-above-stick-meta":"","header-main-stick-meta":"","header-below-stick-meta":"","astra-migrate-meta-layouts":"set","ast-page-background-enabled":"default","ast-page-background-meta":{"desktop":{"background-color":"","background-image":"","background-repeat":"repeat","background-position":"center center","background-size":"auto","background-attachment":"scroll","background-type":"","background-media":"","overlay-type":"","overlay-color":"","overlay-opacity":"","overlay-gradient":""},"tablet":{"background-color":"","background-image":"","background-repeat":"repeat","background-position":"center center","background-size":"auto","background-attachment":"scroll","background-type":"","background-media":"","overlay-type":"","overlay-color":"","overlay-opacity":"","overlay-gradient":""},"mobile":{"background-color":"","background-image":"","background-repeat":"repeat","background-position":"center center","background-size":"auto","background-attachment":"scroll","background-type":"","background-media":"","overlay-type":"","overlay-color":"","overlay-opacity":"","overlay-gradient":""}},"ast-content-background-meta":{"desktop":{"background-color":"var(--ast-global-color-5)","background-image":"","background-repeat":"repeat","background-position":"center center","background-size":"auto","background-attachment":"scroll","background-type":"","background-media":"","overlay-type":"","overlay-color":"","overlay-opacity":"","overlay-gradient":""},"tablet":{"background-color":"var(--ast-global-color-5)","background-image":"","background-repeat":"repeat","background-position":"center center","background-size":"auto","background-attachment":"scroll","background-type":"","background-media":"","overlay-type":"","overlay-color":"","overlay-opacity":"","overlay-gradient":""},"mobile":{"background-color":"var(--ast-global-color-5)","background-image":"","background-repeat":"repeat","background-position":"center center","background-size":"auto","background-attachment":"scroll","background-type":"","background-media":"","overlay-type":"","overlay-color":"","overlay-opacity":"","overlay-gradient":""}},"footnotes":""},"class_list":["post-2165","page","type-page","status-publish","hentry"],"yoast_head":"<!-- This site is optimized with the Yoast SEO plugin v26.8 - https:\/\/yoast.com\/product\/yoast-seo-wordpress\/ -->\n<title>Logiciel MCS pour la gestion de microfinance - Excelis<\/title>\n<meta name=\"robots\" content=\"index, follow, max-snippet:-1, max-image-preview:large, max-video-preview:-1\" \/>\n<link rel=\"canonical\" href=\"https:\/\/excelis-sa.com\/en\/produits-logiciel-mcs-pour-la-gestion-de-microfinance\/\" \/>\n<meta property=\"og:locale\" content=\"en_US\" \/>\n<meta property=\"og:type\" content=\"article\" \/>\n<meta property=\"og:title\" content=\"Logiciel MCS pour la gestion de microfinance - Excelis\" \/>\n<meta property=\"og:description\" content=\"Logiciel MCS pour la gestion de microfinance Une solution compl\u00e8te pour la gestion de microfinance Le logiciel MCS est une solution de gestion moderne et intuitive con\u00e7ue pour r\u00e9pondre aux besoins sp\u00e9cifiques des institutions de microfinance. Avec ses fonctionnalit\u00e9s avanc\u00e9es et une interface conviviale, MCS simplifie la gestion quotidienne et am\u00e9liore l&rsquo;efficacit\u00e9 op\u00e9rationnelle de votre [&hellip;]\" \/>\n<meta property=\"og:url\" content=\"https:\/\/excelis-sa.com\/en\/produits-logiciel-mcs-pour-la-gestion-de-microfinance\/\" \/>\n<meta property=\"og:site_name\" content=\"Excelis\" \/>\n<meta property=\"article:modified_time\" content=\"2025-02-12T09:24:00+00:00\" \/>\n<meta name=\"twitter:card\" content=\"summary_large_image\" \/>\n<meta name=\"twitter:label1\" content=\"Est. reading time\" \/>\n\t<meta name=\"twitter:data1\" content=\"1 minute\" \/>\n<script type=\"application\/ld+json\" class=\"yoast-schema-graph\">{\"@context\":\"https:\/\/schema.org\",\"@graph\":[{\"@type\":\"WebPage\",\"@id\":\"https:\/\/excelis-sa.com\/produits-logiciel-mcs-pour-la-gestion-de-microfinance\/\",\"url\":\"https:\/\/excelis-sa.com\/produits-logiciel-mcs-pour-la-gestion-de-microfinance\/\",\"name\":\"Logiciel MCS pour la gestion de microfinance - Excelis\",\"isPartOf\":{\"@id\":\"https:\/\/excelis-sa.com\/#website\"},\"datePublished\":\"2025-01-27T18:58:44+00:00\",\"dateModified\":\"2025-02-12T09:24:00+00:00\",\"breadcrumb\":{\"@id\":\"https:\/\/excelis-sa.com\/produits-logiciel-mcs-pour-la-gestion-de-microfinance\/#breadcrumb\"},\"inLanguage\":\"en-US\",\"potentialAction\":[{\"@type\":\"ReadAction\",\"target\":[\"https:\/\/excelis-sa.com\/produits-logiciel-mcs-pour-la-gestion-de-microfinance\/\"]}]},{\"@type\":\"BreadcrumbList\",\"@id\":\"https:\/\/excelis-sa.com\/produits-logiciel-mcs-pour-la-gestion-de-microfinance\/#breadcrumb\",\"itemListElement\":[{\"@type\":\"ListItem\",\"position\":1,\"name\":\"Home\",\"item\":\"https:\/\/excelis-sa.com\/\"},{\"@type\":\"ListItem\",\"position\":2,\"name\":\"Logiciel MCS pour la gestion de microfinance\"}]},{\"@type\":\"WebSite\",\"@id\":\"https:\/\/excelis-sa.com\/#website\",\"url\":\"https:\/\/excelis-sa.com\/\",\"name\":\"Excelis\",\"description\":\"\",\"publisher\":{\"@id\":\"https:\/\/excelis-sa.com\/#organization\"},\"potentialAction\":[{\"@type\":\"SearchAction\",\"target\":{\"@type\":\"EntryPoint\",\"urlTemplate\":\"https:\/\/excelis-sa.com\/?s={search_term_string}\"},\"query-input\":{\"@type\":\"PropertyValueSpecification\",\"valueRequired\":true,\"valueName\":\"search_term_string\"}}],\"inLanguage\":\"en-US\"},{\"@type\":\"Organization\",\"@id\":\"https:\/\/excelis-sa.com\/#organization\",\"name\":\"Excelis\",\"url\":\"https:\/\/excelis-sa.com\/\",\"logo\":{\"@type\":\"ImageObject\",\"inLanguage\":\"en-US\",\"@id\":\"https:\/\/excelis-sa.com\/#\/schema\/logo\/image\/\",\"url\":\"https:\/\/excelis-sa.com\/wp-content\/uploads\/2025\/01\/Logo-sans-slogan-1-scaled.jpg\",\"contentUrl\":\"https:\/\/excelis-sa.com\/wp-content\/uploads\/2025\/01\/Logo-sans-slogan-1-scaled.jpg\",\"width\":2560,\"height\":547,\"caption\":\"Excelis\"},\"image\":{\"@id\":\"https:\/\/excelis-sa.com\/#\/schema\/logo\/image\/\"}}]}<\/script>\n<!-- \/ Yoast SEO plugin. -->","yoast_head_json":{"title":"Logiciel MCS pour la gestion de microfinance - Excelis","robots":{"index":"index","follow":"follow","max-snippet":"max-snippet:-1","max-image-preview":"max-image-preview:large","max-video-preview":"max-video-preview:-1"},"canonical":"https:\/\/excelis-sa.com\/en\/produits-logiciel-mcs-pour-la-gestion-de-microfinance\/","og_locale":"en_US","og_type":"article","og_title":"Logiciel MCS pour la gestion de microfinance - Excelis","og_description":"Logiciel MCS pour la gestion de microfinance Une solution compl\u00e8te pour la gestion de microfinance Le logiciel MCS est une solution de gestion moderne et intuitive con\u00e7ue pour r\u00e9pondre aux besoins sp\u00e9cifiques des institutions de microfinance. Avec ses fonctionnalit\u00e9s avanc\u00e9es et une interface conviviale, MCS simplifie la gestion quotidienne et am\u00e9liore l&rsquo;efficacit\u00e9 op\u00e9rationnelle de votre [&hellip;]","og_url":"https:\/\/excelis-sa.com\/en\/produits-logiciel-mcs-pour-la-gestion-de-microfinance\/","og_site_name":"Excelis","article_modified_time":"2025-02-12T09:24:00+00:00","twitter_card":"summary_large_image","twitter_misc":{"Est. reading time":"1 minute"},"schema":{"@context":"https:\/\/schema.org","@graph":[{"@type":"WebPage","@id":"https:\/\/excelis-sa.com\/produits-logiciel-mcs-pour-la-gestion-de-microfinance\/","url":"https:\/\/excelis-sa.com\/produits-logiciel-mcs-pour-la-gestion-de-microfinance\/","name":"Logiciel MCS pour la gestion de microfinance - Excelis","isPartOf":{"@id":"https:\/\/excelis-sa.com\/#website"},"datePublished":"2025-01-27T18:58:44+00:00","dateModified":"2025-02-12T09:24:00+00:00","breadcrumb":{"@id":"https:\/\/excelis-sa.com\/produits-logiciel-mcs-pour-la-gestion-de-microfinance\/#breadcrumb"},"inLanguage":"en-US","potentialAction":[{"@type":"ReadAction","target":["https:\/\/excelis-sa.com\/produits-logiciel-mcs-pour-la-gestion-de-microfinance\/"]}]},{"@type":"BreadcrumbList","@id":"https:\/\/excelis-sa.com\/produits-logiciel-mcs-pour-la-gestion-de-microfinance\/#breadcrumb","itemListElement":[{"@type":"ListItem","position":1,"name":"Home","item":"https:\/\/excelis-sa.com\/"},{"@type":"ListItem","position":2,"name":"Logiciel MCS pour la gestion de microfinance"}]},{"@type":"WebSite","@id":"https:\/\/excelis-sa.com\/#website","url":"https:\/\/excelis-sa.com\/","name":"Excelis","description":"","publisher":{"@id":"https:\/\/excelis-sa.com\/#organization"},"potentialAction":[{"@type":"SearchAction","target":{"@type":"EntryPoint","urlTemplate":"https:\/\/excelis-sa.com\/?s={search_term_string}"},"query-input":{"@type":"PropertyValueSpecification","valueRequired":true,"valueName":"search_term_string"}}],"inLanguage":"en-US"},{"@type":"Organization","@id":"https:\/\/excelis-sa.com\/#organization","name":"Excelis","url":"https:\/\/excelis-sa.com\/","logo":{"@type":"ImageObject","inLanguage":"en-US","@id":"https:\/\/excelis-sa.com\/#\/schema\/logo\/image\/","url":"https:\/\/excelis-sa.com\/wp-content\/uploads\/2025\/01\/Logo-sans-slogan-1-scaled.jpg","contentUrl":"https:\/\/excelis-sa.com\/wp-content\/uploads\/2025\/01\/Logo-sans-slogan-1-scaled.jpg","width":2560,"height":547,"caption":"Excelis"},"image":{"@id":"https:\/\/excelis-sa.com\/#\/schema\/logo\/image\/"}}]}},"_links":{"self":[{"href":"https:\/\/excelis-sa.com\/en\/wp-json\/wp\/v2\/pages\/2165","targetHints":{"allow":["GET"]}}],"collection":[{"href":"https:\/\/excelis-sa.com\/en\/wp-json\/wp\/v2\/pages"}],"about":[{"href":"https:\/\/excelis-sa.com\/en\/wp-json\/wp\/v2\/types\/page"}],"author":[{"embeddable":true,"href":"https:\/\/excelis-sa.com\/en\/wp-json\/wp\/v2\/users\/1"}],"replies":[{"embeddable":true,"href":"https:\/\/excelis-sa.com\/en\/wp-json\/wp\/v2\/comments?post=2165"}],"version-history":[{"count":0,"href":"https:\/\/excelis-sa.com\/en\/wp-json\/wp\/v2\/pages\/2165\/revisions"}],"wp:attachment":[{"href":"https:\/\/excelis-sa.com\/en\/wp-json\/wp\/v2\/media?parent=2165"}],"curies":[{"name":"wp","href":"https:\/\/api.w.org\/{rel}","templated":true}]}}