{"id":2168,"date":"2025-01-27T19:00:19","date_gmt":"2025-01-27T19:00:19","guid":{"rendered":"https:\/\/excelis-sa.com\/?page_id=2168"},"modified":"2025-02-07T10:41:28","modified_gmt":"2025-02-07T10:41:28","slug":"logiciel-de-gestion-de-tontine","status":"publish","type":"page","link":"https:\/\/excelis-sa.com\/en\/logiciel-de-gestion-de-tontine\/","title":{"rendered":"Logiciel de gestion de Tontine (NAFA-TONTINE)"},"content":{"rendered":"<div data-elementor-type=\"wp-page\" data-elementor-id=\"2168\" class=\"elementor elementor-2168\">\n\t\t\t\t<div class=\"elementor-element elementor-element-939cc7e e-con-full e-flex e-con e-parent\" data-id=\"939cc7e\" data-element_type=\"container\">\n\t\t\t\t<div class=\"elementor-element elementor-element-e5e4852 elementor-widget elementor-widget-html\" data-id=\"e5e4852\" data-element_type=\"widget\" data-widget_type=\"html.default\">\n\t\t\t\t<div class=\"elementor-widget-container\">\n\t\t\t\t\t<section class=\"relative min-h-screen bg-gradient-to-br from-white to-sky-50\">\n    \n\n    <!-- Contenu principal -->\n    <div class=\"relative\">\n        <div class=\"max-w-7xl mx-auto px-4 sm:px-6 lg:px-8 pt-20 pb-16\">\n            \n\n            <!-- Titre et Description -->\n            <div class=\"text-center max-w-3xl mx-auto mb-12\">\n                <h1 class=\"text-4xl sm:text-5xl lg:text-6xl font-bold text-gray-900 mb-8 leading-tight\">\n                    Logiciel de gestion de Tontine\n                    <span class=\"block text-orange-500 mt-2\">(NAFA-TONTINE)<\/span>\n                <\/h1>\n                <p class=\"text-lg sm:text-xl text-gray-600 leading-relaxed\">\n                     Une solution compl\u00e8te de gestion combinant applications web et mobile, con\u00e7ue pour optimiser la gestion des clients, des comptes et des op\u00e9rations journali\u00e8res.\n                <\/p>\n            <\/div>\n\n            <!-- Interface de d\u00e9monstration -->\n            <div class=\"relative max-w-5xl mx-auto\">\n                <!-- Fen\u00eatre principale -->\n                <div class=\"bg-white rounded-2xl shadow-xl border border-gray-200\">\n                    <!-- Barre de navigation -->\n                    <div class=\"flex items-center justify-between p-4 border-b border-gray-100\">\n                        <div class=\"flex items-center gap-2\">\n                            <div class=\"w-3 h-3 rounded-full bg-red-400\"><\/div>\n                            <div class=\"w-3 h-3 rounded-full bg-yellow-400\"><\/div>\n                            <div class=\"w-3 h-3 rounded-full bg-green-400\"><\/div>\n                        <\/div>\n                        <div class=\"flex items-center gap-4\">\n                            <div class=\"w-24 h-2 bg-gray-200 rounded\"><\/div>\n                            <div class=\"w-24 h-2 bg-gray-200 rounded\"><\/div>\n                            <div class=\"w-24 h-2 bg-gray-200 rounded\"><\/div>\n                        <\/div>\n                    <\/div>\n                    \n                    <!-- Contenu de l'interface -->\n                    <div class=\"p-8\">\n                        <div class=\"grid grid-cols-3 gap-6\">\n                            <!-- Carte statistiques -->\n                            <div class=\"col-span-2 bg-gradient-to-br from-sky-50 to-sky-100 rounded-xl p-6\">\n                                <div class=\"flex justify-between items-start mb-6\">\n                                    <div class=\"space-y-1\">\n                                        <div class=\"w-32 h-2 bg-sky-200 rounded\"><\/div>\n                                        <div class=\"w-24 h-2 bg-sky-200\/70 rounded\"><\/div>\n                                    <\/div>\n                                    <div class=\"w-8 h-8 rounded-lg bg-sky-200\"><\/div>\n                                <\/div>\n                                <div class=\"grid grid-cols-3 gap-4\">\n                                    <div class=\"h-24 rounded-lg bg-white shadow-sm\"><\/div>\n                                    <div class=\"h-24 rounded-lg bg-white shadow-sm\"><\/div>\n                                    <div class=\"h-24 rounded-lg bg-white shadow-sm\"><\/div>\n                                <\/div>\n                            <\/div>\n                            \n                            <!-- Liste d'activit\u00e9s -->\n                            <div class=\"bg-gradient-to-br from-orange-50 to-orange-100 rounded-xl p-6\">\n                                <div class=\"space-y-4\">\n                                    <div class=\"flex items-center gap-3\">\n                                        <div class=\"w-8 h-8 rounded-full bg-orange-200\"><\/div>\n                                        <div class=\"space-y-1 flex-1\">\n                                            <div class=\"w-full h-2 bg-orange-200 rounded\"><\/div>\n                                            <div class=\"w-2\/3 h-2 bg-orange-200\/70 rounded\"><\/div>\n                                        <\/div>\n                                    <\/div>\n                                    <div class=\"flex items-center gap-3\">\n                                        <div class=\"w-8 h-8 rounded-full bg-orange-200\"><\/div>\n                                        <div class=\"space-y-1 flex-1\">\n                                            <div class=\"w-full h-2 bg-orange-200 rounded\"><\/div>\n                                            <div class=\"w-2\/3 h-2 bg-orange-200\/70 rounded\"><\/div>\n                                        <\/div>\n                                    <\/div>\n                                <\/div>\n                            <\/div>\n                        <\/div>\n                    <\/div>\n                <\/div>\n            <\/div>\n\n            <!-- Boutons d'action -->\n            <!--div class=\"flex justify-center gap-4 mt-12\">\n                <a href=\"#\" class=\"group bg-sky-500 hover:bg-sky-600 text-white px-8 py-3 rounded-xl font-semibold transition-all duration-300 hover:shadow-lg hover:shadow-sky-500\/25 flex items-center gap-2\">\n                    D\u00e9marrer gratuitement\n                    <svg class=\"w-5 h-5 group-hover:translate-x-1 transition-transform\" fill=\"none\" stroke=\"currentColor\" viewBox=\"0 0 24 24\">\n                        <path stroke-linecap=\"round\" stroke-linejoin=\"round\" stroke-width=\"2\" d=\"M17 8l4 4m0 0l-4 4m4-4H3\"\/>\n                    <\/svg>\n                <\/a>\n                <a href=\"#\" class=\"bg-white hover:bg-gray-50 text-gray-800 px-8 py-3 rounded-xl font-semibold transition-all duration-300 shadow-sm border border-gray-200\">\n                    Voir la d\u00e9monstration\n                <\/a>\n            <\/div-->\n        <\/div>\n    <\/div>\n<\/section>\t\t\t\t<\/div>\n\t\t\t\t<\/div>\n\t\t\t\t<\/div>\n\t\t<div class=\"elementor-element elementor-element-f050345 e-con-full e-flex e-con e-parent\" data-id=\"f050345\" data-element_type=\"container\">\n\t\t\t\t<div class=\"elementor-element elementor-element-9891785 elementor-widget elementor-widget-html\" data-id=\"9891785\" data-element_type=\"widget\" data-widget_type=\"html.default\">\n\t\t\t\t<div class=\"elementor-widget-container\">\n\t\t\t\t\t<section class=\"relative py-24\">\n    <!-- Background with custom pattern -->\n    <div class=\"absolute inset-0 bg-gradient-to-br from-[#45B7E5]\/5 to-[#F7941D]\/5\">\n        <div class=\"absolute inset-0\" style=\"background-image: radial-gradient(circle at 1px 1px, rgba(69,183,229,0.1) 1px, transparent 0), radial-gradient(circle at 1px 1px, rgba(247,148,29,0.1) 1px, transparent 0); background-size: 20px 20px, 30px 30px;\"><\/div>\n    <\/div>\n\n    <div class=\"relative container mx-auto px-4\">\n        <!-- Main Content -->\n        <div class=\"max-w-5xl mx-auto\">\n            <!-- Header -->\n            <div class=\"text-center mb-16\">\n                <h2 class=\"inline-flex items-center gap-3 text-4xl font-bold mb-6\">\n                    <span class=\"bg-gradient-to-r from-[#45B7E5] to-[#F7941D] bg-clip-text text-transparent\">NAFA-TONTINE<\/span>\n                    <div class=\"w-12 h-12 rounded-full bg-gradient-to-r from-[#45B7E5] to-[#F7941D] flex items-center justify-center\">\n                        <svg class=\"w-6 h-6 text-white\" fill=\"none\" stroke=\"currentColor\" viewbox=\"0 0 24 24\">\n                            <path stroke-linecap=\"round\" stroke-linejoin=\"round\" stroke-width=\"2\" d=\"M12 8c-1.657 0-3 .895-3 2s1.343 2 3 2 3 .895 3 2-1.343 2-3 2m0-8c1.11 0 2.08.402 2.599 1M12 8V7m0 1v8m0 0v1m0-1c-1.11 0-2.08-.402-2.599-1M21 12a9 9 0 11-18 0 9 9 0 0118 0z\"><\/path>\n                        <\/svg>\n                    <\/div>\n                <\/h2>\n            \n            <\/div>\n\n            <!-- Main Features -->\n            <div class=\"grid grid-cols-1 md:grid-cols-2 gap-8 mb-16\">\n                <!-- Web App -->\n                <div class=\"bg-white rounded-2xl p-6 shadow-lg hover:shadow-xl transition-shadow\">\n                    <div class=\"w-14 h-14 mb-6 rounded-xl bg-[#45B7E5]\/10 flex items-center justify-center\">\n                        <svg class=\"w-8 h-8 text-[#45B7E5]\" fill=\"none\" stroke=\"currentColor\" viewbox=\"0 0 24 24\">\n                            <path stroke-linecap=\"round\" stroke-linejoin=\"round\" stroke-width=\"2\" d=\"M9.75 17L9 20l-1 1h8l-1-1-.75-3M3 13h18M5 17h14a2 2 0 002-2V5a2 2 0 00-2-2H5a2 2 0 00-2 2v10a2 2 0 002 2z\"><\/path>\n                        <\/svg>\n                    <\/div>\n                    <h3 class=\"text-xl font-semibold mb-4\">Application Web<\/h3>\n                    <p class=\"text-gray-600\">Interface professionnelle pour la gestion centralis\u00e9e des op\u00e9rations et le suivi des activit\u00e9s.<\/p>\n                <\/div>\n\n                <!-- Mobile App -->\n                <div class=\"bg-white rounded-2xl p-6 shadow-lg hover:shadow-xl transition-shadow\">\n                    <div class=\"w-14 h-14 mb-6 rounded-xl bg-[#F7941D]\/10 flex items-center justify-center\">\n                        <svg class=\"w-8 h-8 text-[#F7941D]\" fill=\"none\" stroke=\"currentColor\" viewbox=\"0 0 24 24\">\n                            <path stroke-linecap=\"round\" stroke-linejoin=\"round\" stroke-width=\"2\" d=\"M12 18h.01M8 21h8a2 2 0 002-2V5a2 2 0 00-2-2H8a2 2 0 00-2 2v14a2 2 0 002 2z\"><\/path>\n                        <\/svg>\n                    <\/div>\n                    <h3 class=\"text-xl font-semibold mb-4\">Application Mobile<\/h3>\n                    <p class=\"text-gray-600\">Solution terrain pour les agents, permettant une gestion efficace des collectes et des enr\u00f4lements.<\/p>\n                <\/div>\n            <\/div>\n\n            <!-- Target Users -->\n            <div class=\"bg-white\/80 backdrop-blur-sm rounded-3xl p-8 shadow-lg\">\n                <h3 class=\"text-2xl font-semibold mb-8 text-center\">Solutions adapt\u00e9es pour chaque utilisateur<\/h3>\n                <div class=\"grid grid-cols-1 md:grid-cols-2 gap-8\">\n                    <!-- Commercial -->\n                    <div class=\"flex gap-4\">\n                        <div class=\"flex-shrink-0 w-12 h-12 rounded-full bg-[#45B7E5]\/10 flex items-center justify-center\">\n                            <svg class=\"w-6 h-6 text-[#45B7E5]\" fill=\"none\" stroke=\"currentColor\" viewbox=\"0 0 24 24\">\n                                <path stroke-linecap=\"round\" stroke-linejoin=\"round\" stroke-width=\"2\" d=\"M17 20h5v-2a3 3 0 00-5.356-1.857M17 20H7m10 0v-2c0-.656-.126-1.283-.356-1.857M7 20H2v-2a3 3 0 015.356-1.857M7 20v-2c0-.656.126-1.283.356-1.857m0 0a5.002 5.002 0 019.288 0M15 7a3 3 0 11-6 0 3 3 0 016 0zm6 3a2 2 0 11-4 0 2 2 0 014 0zM7 10a2 2 0 11-4 0 2 2 0 014 0z\"><\/path>\n                            <\/svg>\n                        <\/div>\n                        <div>\n                            <h4 class=\"text-lg font-medium mb-2\">Commerciaux<\/h4>\n                            <p class=\"text-gray-600\">Outils professionnels pour une prospection efficace et un suivi client optimis\u00e9.<\/p>\n                        <\/div>\n                    <\/div>\n\n                    <!-- Agents terrain -->\n                    <div class=\"flex gap-4\">\n                        <div class=\"flex-shrink-0 w-12 h-12 rounded-full bg-[#F7941D]\/10 flex items-center justify-center\">\n                            <svg class=\"w-6 h-6 text-[#F7941D]\" fill=\"none\" stroke=\"currentColor\" viewbox=\"0 0 24 24\">\n                                <path stroke-linecap=\"round\" stroke-linejoin=\"round\" stroke-width=\"2\" d=\"M21 13.255A23.931 23.931 0 0112 15c-3.183 0-6.22-.62-9-1.745M16 6V4a2 2 0 00-2-2h-4a2 2 0 00-2 2v2m4 6h.01M5 20h14a2 2 0 002-2V8a2 2 0 00-2-2H5a2 2 0 00-2 2v10a2 2 0 002 2z\"><\/path>\n                            <\/svg>\n                        <\/div>\n                        <div>\n                            <h4 class=\"text-lg font-medium mb-2\">Agents terrain<\/h4>\n                            <p class=\"text-gray-600\">Enr\u00f4lement client et pr\u00e9-ouverture de comptes directement sur le terrain.<\/p>\n                        <\/div>\n                    <\/div>\n\n                    <!-- Collecteurs -->\n                    <div class=\"flex gap-4\">\n                        <div class=\"flex-shrink-0 w-12 h-12 rounded-full bg-[#45B7E5]\/10 flex items-center justify-center\">\n                            <svg class=\"w-6 h-6 text-[#45B7E5]\" fill=\"none\" stroke=\"currentColor\" viewbox=\"0 0 24 24\">\n                                <path stroke-linecap=\"round\" stroke-linejoin=\"round\" stroke-width=\"2\" d=\"M17 9V7a2 2 0 00-2-2H5a2 2 0 00-2 2v6a2 2 0 002 2h2m2 4h10a2 2 0 002-2v-6a2 2 0 00-2-2H9a2 2 0 00-2 2v6a2 2 0 002 2zm7-5a2 2 0 11-4 0 2 2 0 014 0z\"><\/path>\n                            <\/svg>\n                        <\/div>\n                        <div>\n                            <h4 class=\"text-lg font-medium mb-2\">Agents collecteurs<\/h4>\n                            <p class=\"text-gray-600\">Gestion mobile des collectes d'\u00e9pargne et des tontines sur le terrain.<\/p>\n                        <\/div>\n                    <\/div>\n\n                    <!-- Institutions -->\n                    <div class=\"flex gap-4\">\n                        <div class=\"flex-shrink-0 w-12 h-12 rounded-full bg-[#F7941D]\/10 flex items-center justify-center\">\n                            <svg class=\"w-6 h-6 text-[#F7941D]\" fill=\"none\" stroke=\"currentColor\" viewbox=\"0 0 24 24\">\n                                <path stroke-linecap=\"round\" stroke-linejoin=\"round\" stroke-width=\"2\" d=\"M19 21V5a2 2 0 00-2-2H7a2 2 0 00-2 2v16m14 0h2m-2 0h-5m-9 0H3m2 0h5M9 7h1m-1 4h1m4-4h1m-1 4h1m-5 10v-5a1 1 0 011-1h2a1 1 0 011 1v5m-4 0h4\"><\/path>\n                            <\/svg>\n                        <\/div>\n                        <div>\n                            <h4 class=\"text-lg font-medium mb-2\">Institutions financi\u00e8res<\/h4>\n                            <p class=\"text-gray-600\">Plan de continuit\u00e9 d'activit\u00e9 pour les guichets en cas d'indisponibilit\u00e9 du SIG.<\/p>\n                        <\/div>\n                    <\/div>\n                <\/div>\n            <\/div>\n        <\/div>\n    <\/div>\n<\/section>\t\t\t\t<\/div>\n\t\t\t\t<\/div>\n\t\t\t\t<\/div>\n\t\t\t\t<\/div>","protected":false},"excerpt":{"rendered":"<p>Logiciel de gestion de Tontine (NAFA-TONTINE) Une solution compl\u00e8te de gestion combinant applications web et mobile, con\u00e7ue pour optimiser la gestion des clients, des comptes et des op\u00e9rations journali\u00e8res. NAFA-TONTINE Application Web Interface professionnelle pour la gestion centralis\u00e9e des op\u00e9rations et le suivi des activit\u00e9s. Application Mobile Solution terrain pour les agents, permettant une gestion [&hellip;]<\/p>","protected":false},"author":1,"featured_media":0,"parent":0,"menu_order":0,"comment_status":"closed","ping_status":"closed","template":"","meta":{"site-sidebar-layout":"no-sidebar","site-content-layout":"page-builder","ast-site-content-layout":"full-width-container","site-content-style":"default","site-sidebar-style":"default","ast-global-header-display":"","ast-banner-title-visibility":"","ast-main-header-display":"","ast-hfb-above-header-display":"","ast-hfb-below-header-display":"","ast-hfb-mobile-header-display":"","site-post-title":"disabled","ast-breadcrumbs-content":"","ast-featured-img":"disabled","footer-sml-layout":"","theme-transparent-header-meta":"","adv-header-id-meta":"","stick-header-meta":"","header-above-stick-meta":"","header-main-stick-meta":"","header-below-stick-meta":"","astra-migrate-meta-layouts":"set","ast-page-background-enabled":"default","ast-page-background-meta":{"desktop":{"background-color":"","background-image":"","background-repeat":"repeat","background-position":"center center","background-size":"auto","background-attachment":"scroll","background-type":"","background-media":"","overlay-type":"","overlay-color":"","overlay-opacity":"","overlay-gradient":""},"tablet":{"background-color":"","background-image":"","background-repeat":"repeat","background-position":"center center","background-size":"auto","background-attachment":"scroll","background-type":"","background-media":"","overlay-type":"","overlay-color":"","overlay-opacity":"","overlay-gradient":""},"mobile":{"background-color":"","background-image":"","background-repeat":"repeat","background-position":"center center","background-size":"auto","background-attachment":"scroll","background-type":"","background-media":"","overlay-type":"","overlay-color":"","overlay-opacity":"","overlay-gradient":""}},"ast-content-background-meta":{"desktop":{"background-color":"var(--ast-global-color-5)","background-image":"","background-repeat":"repeat","background-position":"center center","background-size":"auto","background-attachment":"scroll","background-type":"","background-media":"","overlay-type":"","overlay-color":"","overlay-opacity":"","overlay-gradient":""},"tablet":{"background-color":"var(--ast-global-color-5)","background-image":"","background-repeat":"repeat","background-position":"center center","background-size":"auto","background-attachment":"scroll","background-type":"","background-media":"","overlay-type":"","overlay-color":"","overlay-opacity":"","overlay-gradient":""},"mobile":{"background-color":"var(--ast-global-color-5)","background-image":"","background-repeat":"repeat","background-position":"center center","background-size":"auto","background-attachment":"scroll","background-type":"","background-media":"","overlay-type":"","overlay-color":"","overlay-opacity":"","overlay-gradient":""}},"footnotes":""},"class_list":["post-2168","page","type-page","status-publish","hentry"],"yoast_head":"<!-- This site is optimized with the Yoast SEO plugin v26.8 - https:\/\/yoast.com\/product\/yoast-seo-wordpress\/ -->\n<title>Logiciel de gestion de Tontine (NAFA-TONTINE) - Excelis<\/title>\n<meta name=\"robots\" content=\"index, follow, max-snippet:-1, max-image-preview:large, max-video-preview:-1\" \/>\n<link rel=\"canonical\" href=\"https:\/\/excelis-sa.com\/en\/logiciel-de-gestion-de-tontine\/\" \/>\n<meta property=\"og:locale\" content=\"en_US\" \/>\n<meta property=\"og:type\" content=\"article\" \/>\n<meta property=\"og:title\" content=\"Logiciel de gestion de Tontine (NAFA-TONTINE) - Excelis\" \/>\n<meta property=\"og:description\" content=\"Logiciel de gestion de Tontine (NAFA-TONTINE) Une solution compl\u00e8te de gestion combinant applications web et mobile, con\u00e7ue pour optimiser la gestion des clients, des comptes et des op\u00e9rations journali\u00e8res. NAFA-TONTINE Application Web Interface professionnelle pour la gestion centralis\u00e9e des op\u00e9rations et le suivi des activit\u00e9s. Application Mobile Solution terrain pour les agents, permettant une gestion [&hellip;]\" \/>\n<meta property=\"og:url\" content=\"https:\/\/excelis-sa.com\/en\/logiciel-de-gestion-de-tontine\/\" \/>\n<meta property=\"og:site_name\" content=\"Excelis\" \/>\n<meta property=\"article:modified_time\" content=\"2025-02-07T10:41:28+00:00\" \/>\n<meta name=\"twitter:card\" content=\"summary_large_image\" \/>\n<meta name=\"twitter:label1\" content=\"Est. reading time\" \/>\n\t<meta name=\"twitter:data1\" content=\"1 minute\" \/>\n<script type=\"application\/ld+json\" class=\"yoast-schema-graph\">{\"@context\":\"https:\/\/schema.org\",\"@graph\":[{\"@type\":\"WebPage\",\"@id\":\"https:\/\/excelis-sa.com\/logiciel-de-gestion-de-tontine\/\",\"url\":\"https:\/\/excelis-sa.com\/logiciel-de-gestion-de-tontine\/\",\"name\":\"Logiciel de gestion de Tontine (NAFA-TONTINE) - Excelis\",\"isPartOf\":{\"@id\":\"https:\/\/excelis-sa.com\/#website\"},\"datePublished\":\"2025-01-27T19:00:19+00:00\",\"dateModified\":\"2025-02-07T10:41:28+00:00\",\"breadcrumb\":{\"@id\":\"https:\/\/excelis-sa.com\/logiciel-de-gestion-de-tontine\/#breadcrumb\"},\"inLanguage\":\"en-US\",\"potentialAction\":[{\"@type\":\"ReadAction\",\"target\":[\"https:\/\/excelis-sa.com\/logiciel-de-gestion-de-tontine\/\"]}]},{\"@type\":\"BreadcrumbList\",\"@id\":\"https:\/\/excelis-sa.com\/logiciel-de-gestion-de-tontine\/#breadcrumb\",\"itemListElement\":[{\"@type\":\"ListItem\",\"position\":1,\"name\":\"Home\",\"item\":\"https:\/\/excelis-sa.com\/\"},{\"@type\":\"ListItem\",\"position\":2,\"name\":\"Logiciel de gestion de Tontine (NAFA-TONTINE)\"}]},{\"@type\":\"WebSite\",\"@id\":\"https:\/\/excelis-sa.com\/#website\",\"url\":\"https:\/\/excelis-sa.com\/\",\"name\":\"Excelis\",\"description\":\"\",\"publisher\":{\"@id\":\"https:\/\/excelis-sa.com\/#organization\"},\"potentialAction\":[{\"@type\":\"SearchAction\",\"target\":{\"@type\":\"EntryPoint\",\"urlTemplate\":\"https:\/\/excelis-sa.com\/?s={search_term_string}\"},\"query-input\":{\"@type\":\"PropertyValueSpecification\",\"valueRequired\":true,\"valueName\":\"search_term_string\"}}],\"inLanguage\":\"en-US\"},{\"@type\":\"Organization\",\"@id\":\"https:\/\/excelis-sa.com\/#organization\",\"name\":\"Excelis\",\"url\":\"https:\/\/excelis-sa.com\/\",\"logo\":{\"@type\":\"ImageObject\",\"inLanguage\":\"en-US\",\"@id\":\"https:\/\/excelis-sa.com\/#\/schema\/logo\/image\/\",\"url\":\"https:\/\/excelis-sa.com\/wp-content\/uploads\/2025\/01\/Logo-sans-slogan-1-scaled.jpg\",\"contentUrl\":\"https:\/\/excelis-sa.com\/wp-content\/uploads\/2025\/01\/Logo-sans-slogan-1-scaled.jpg\",\"width\":2560,\"height\":547,\"caption\":\"Excelis\"},\"image\":{\"@id\":\"https:\/\/excelis-sa.com\/#\/schema\/logo\/image\/\"}}]}<\/script>\n<!-- \/ Yoast SEO plugin. -->","yoast_head_json":{"title":"Logiciel de gestion de Tontine (NAFA-TONTINE) - Excelis","robots":{"index":"index","follow":"follow","max-snippet":"max-snippet:-1","max-image-preview":"max-image-preview:large","max-video-preview":"max-video-preview:-1"},"canonical":"https:\/\/excelis-sa.com\/en\/logiciel-de-gestion-de-tontine\/","og_locale":"en_US","og_type":"article","og_title":"Logiciel de gestion de Tontine (NAFA-TONTINE) - Excelis","og_description":"Logiciel de gestion de Tontine (NAFA-TONTINE) Une solution compl\u00e8te de gestion combinant applications web et mobile, con\u00e7ue pour optimiser la gestion des clients, des comptes et des op\u00e9rations journali\u00e8res. NAFA-TONTINE Application Web Interface professionnelle pour la gestion centralis\u00e9e des op\u00e9rations et le suivi des activit\u00e9s. Application Mobile Solution terrain pour les agents, permettant une gestion [&hellip;]","og_url":"https:\/\/excelis-sa.com\/en\/logiciel-de-gestion-de-tontine\/","og_site_name":"Excelis","article_modified_time":"2025-02-07T10:41:28+00:00","twitter_card":"summary_large_image","twitter_misc":{"Est. reading time":"1 minute"},"schema":{"@context":"https:\/\/schema.org","@graph":[{"@type":"WebPage","@id":"https:\/\/excelis-sa.com\/logiciel-de-gestion-de-tontine\/","url":"https:\/\/excelis-sa.com\/logiciel-de-gestion-de-tontine\/","name":"Logiciel de gestion de Tontine (NAFA-TONTINE) - Excelis","isPartOf":{"@id":"https:\/\/excelis-sa.com\/#website"},"datePublished":"2025-01-27T19:00:19+00:00","dateModified":"2025-02-07T10:41:28+00:00","breadcrumb":{"@id":"https:\/\/excelis-sa.com\/logiciel-de-gestion-de-tontine\/#breadcrumb"},"inLanguage":"en-US","potentialAction":[{"@type":"ReadAction","target":["https:\/\/excelis-sa.com\/logiciel-de-gestion-de-tontine\/"]}]},{"@type":"BreadcrumbList","@id":"https:\/\/excelis-sa.com\/logiciel-de-gestion-de-tontine\/#breadcrumb","itemListElement":[{"@type":"ListItem","position":1,"name":"Home","item":"https:\/\/excelis-sa.com\/"},{"@type":"ListItem","position":2,"name":"Logiciel de gestion de Tontine (NAFA-TONTINE)"}]},{"@type":"WebSite","@id":"https:\/\/excelis-sa.com\/#website","url":"https:\/\/excelis-sa.com\/","name":"Excelis","description":"","publisher":{"@id":"https:\/\/excelis-sa.com\/#organization"},"potentialAction":[{"@type":"SearchAction","target":{"@type":"EntryPoint","urlTemplate":"https:\/\/excelis-sa.com\/?s={search_term_string}"},"query-input":{"@type":"PropertyValueSpecification","valueRequired":true,"valueName":"search_term_string"}}],"inLanguage":"en-US"},{"@type":"Organization","@id":"https:\/\/excelis-sa.com\/#organization","name":"Excelis","url":"https:\/\/excelis-sa.com\/","logo":{"@type":"ImageObject","inLanguage":"en-US","@id":"https:\/\/excelis-sa.com\/#\/schema\/logo\/image\/","url":"https:\/\/excelis-sa.com\/wp-content\/uploads\/2025\/01\/Logo-sans-slogan-1-scaled.jpg","contentUrl":"https:\/\/excelis-sa.com\/wp-content\/uploads\/2025\/01\/Logo-sans-slogan-1-scaled.jpg","width":2560,"height":547,"caption":"Excelis"},"image":{"@id":"https:\/\/excelis-sa.com\/#\/schema\/logo\/image\/"}}]}},"_links":{"self":[{"href":"https:\/\/excelis-sa.com\/en\/wp-json\/wp\/v2\/pages\/2168","targetHints":{"allow":["GET"]}}],"collection":[{"href":"https:\/\/excelis-sa.com\/en\/wp-json\/wp\/v2\/pages"}],"about":[{"href":"https:\/\/excelis-sa.com\/en\/wp-json\/wp\/v2\/types\/page"}],"author":[{"embeddable":true,"href":"https:\/\/excelis-sa.com\/en\/wp-json\/wp\/v2\/users\/1"}],"replies":[{"embeddable":true,"href":"https:\/\/excelis-sa.com\/en\/wp-json\/wp\/v2\/comments?post=2168"}],"version-history":[{"count":0,"href":"https:\/\/excelis-sa.com\/en\/wp-json\/wp\/v2\/pages\/2168\/revisions"}],"wp:attachment":[{"href":"https:\/\/excelis-sa.com\/en\/wp-json\/wp\/v2\/media?parent=2168"}],"curies":[{"name":"wp","href":"https:\/\/api.w.org\/{rel}","templated":true}]}}