{"id":2647,"date":"2025-02-02T18:40:27","date_gmt":"2025-02-02T18:40:27","guid":{"rendered":"https:\/\/excelis-sa.com\/?page_id=2647"},"modified":"2025-02-12T08:32:41","modified_gmt":"2025-02-12T08:32:41","slug":"nos-partenaires","status":"publish","type":"page","link":"https:\/\/excelis-sa.com\/en\/nos-partenaires\/","title":{"rendered":"Nos partenaires"},"content":{"rendered":"<div data-elementor-type=\"wp-page\" data-elementor-id=\"2647\" class=\"elementor elementor-2647\">\n\t\t\t\t<div class=\"elementor-element elementor-element-7739f4f e-con-full e-flex e-con e-parent\" data-id=\"7739f4f\" data-element_type=\"container\">\n\t\t\t\t<div class=\"elementor-element elementor-element-2f1ef1e elementor-widget elementor-widget-html\" data-id=\"2f1ef1e\" data-element_type=\"widget\" data-widget_type=\"html.default\">\n\t\t\t\t<div class=\"elementor-widget-container\">\n\t\t\t\t\t\n\n<section class=\"relative min-h-screen bg-gradient-to-br from-slate-50 to-white overflow-hidden\">\n    <!-- \u00c9l\u00e9ments de design d'arri\u00e8re-plan -->\n    <div class=\"absolute inset-0\">\n        <!-- Formes g\u00e9om\u00e9triques flottantes -->\n        <div class=\"absolute w-96 h-96 -top-48 -right-48 rounded-full bg-[#3BB4E5]\/5\"><\/div>\n        <div class=\"absolute w-96 h-96 -bottom-48 -left-48 rounded-full bg-[#F7941D]\/5\"><\/div>\n        \n        <!-- Lignes courbes d\u00e9coratives -->\n        <svg class=\"absolute top-0 left-0 w-full h-full\" viewbox=\"0 0 100 100\" preserveaspectratio=\"none\">\n            <path d=\"M0,0 Q50,50 100,0\" stroke=\"#3BB4E5\" stroke-width=\"0.1\" fill=\"none\" opacity=\"0.1\"\/>\n            <path d=\"M0,100 Q50,50 100,100\" stroke=\"#F7941D\" stroke-width=\"0.1\" fill=\"none\" opacity=\"0.1\"\/>\n        <\/svg>\n    <\/div>\n\n    <div class=\"relative\">\n        <!-- En-t\u00eate avec forme -->\n        <div class=\"relative bg-gradient-to-r from-[#3BB4E5]\/10 to-[#F7941D]\/10\">\n            <div class=\"container mx-auto px-6 py-20\">\n                <div class=\"max-w-3xl mx-auto text-center\">\n                    <span class=\"inline-block px-4 py-2 bg-white rounded-lg shadow-sm text-sm font-medium text-slate-600 mb-6\">\n                        Un \u00e9cosyst\u00e8me en croissance\n                    <\/span>\n                    <h1 class=\"text-5xl font-bold mb-6\">\n                        <span class=\"text-slate-800\">Nos<\/span>\n                        <span class=\"relative inline-block px-2\">\n                            <span class=\"relative z-10 bg-gradient-to-r from-[#3BB4E5] to-[#F7941D] bg-clip-text text-transparent\">\n                                Partenaires\n                            <\/span>\n                            <svg class=\"absolute -bottom-2 left-0 w-full\" height=\"8\" viewbox=\"0 0 100 8\">\n                                <path d=\"M0,5 Q50,0 100,5\" fill=\"none\" stroke=\"url(#gradient)\" stroke-width=\"2\"\/>\n                                <defs>\n                                    <lineargradient id=\"gradient\" x1=\"0%\" y1=\"0%\" x2=\"100%\" y2=\"0%\">\n                                        <stop offset=\"0%\" style=\"stop-color:#3BB4E5\"\/>\n                                        <stop offset=\"100%\" style=\"stop-color:#F7941D\"\/>\n                                    <\/lineargradient>\n                                <\/defs>\n                            <\/svg>\n                        <\/span>\n                    <\/h1>\n                    <p class=\"text-lg text-slate-600 max-w-2xl mx-auto\">\n                        Des collaborations strat\u00e9giques pour un impact maximal\n                    <\/p>\n                <\/div>\n            <\/div>\n            <div class=\"absolute bottom-0 left-0 right-0 h-16 bg-gradient-to-b from-transparent to-white\"><\/div>\n        <\/div>\n\n      \n      \n      \n      \n     <div class=\"w-full py-12 bg-white\">\n    <div class=\"max-w-7xl mx-auto px-4\">\n        <div class=\"grid grid-cols-2 md:grid-cols-4 lg:grid-cols-6 gap-4 md:gap-6 lg:gap-8\">\n            <div class=\"p-4 bg-white rounded-xl shadow-md hover:shadow-lg transition-shadow duration-300 flex items-center justify-center aspect-square\">\n                <img decoding=\"async\" src=\"https:\/\/excelis-sa.com\/wp-content\/uploads\/2025\/02\/coris-money.png\" alt=\"Logo Client 4\" class=\"w-24 h-24 object-contain\">\n            <\/div>\n            <div class=\"p-4 bg-white rounded-xl shadow-md hover:shadow-lg transition-shadow duration-300 flex items-center justify-center aspect-square\">\n                <img decoding=\"async\" src=\"https:\/\/excelis-sa.com\/wp-content\/uploads\/2025\/01\/icomg.jpg\" alt=\"Logo Client 5\" class=\"w-24 h-24 object-contain\">\n            <\/div>\n            <div class=\"p-4 bg-white rounded-xl shadow-md hover:shadow-lg transition-shadow duration-300 flex items-center justify-center aspect-square\">\n                <img decoding=\"async\" src=\"https:\/\/excelis-sa.com\/wp-content\/uploads\/2025\/01\/INGENIX.jpg\" alt=\"Logo Client 6\" class=\"w-24 h-24 object-contain\">\n            <\/div>\n            <div class=\"p-4 bg-white rounded-xl shadow-md hover:shadow-lg transition-shadow duration-300 flex items-center justify-center aspect-square\">\n                <img decoding=\"async\" src=\"https:\/\/excelis-sa.com\/wp-content\/uploads\/2025\/01\/parto6.jpg\" alt=\"Logo Client 4\" class=\"w-24 h-24 object-contain\">\n            <\/div>\n            <div class=\"p-4 bg-white rounded-xl shadow-md hover:shadow-lg transition-shadow duration-300 flex items-center justify-center aspect-square\">\n                <img decoding=\"async\" src=\"https:\/\/excelis-sa.com\/wp-content\/uploads\/2025\/01\/paylogic.jpg\" alt=\"Logo Client 5\" class=\"w-24 h-24 object-contain\">\n            <\/div>\n            <div class=\"p-4 bg-white rounded-xl shadow-md hover:shadow-lg transition-shadow duration-300 flex items-center justify-center aspect-square\">\n                <img decoding=\"async\" src=\"https:\/\/excelis-sa.com\/wp-content\/uploads\/2025\/01\/parto3.jpg\" alt=\"Logo Client 5\" class=\"w-24 h-24 object-contain\">\n            <\/div>\n            <div class=\"p-4 bg-white rounded-xl shadow-md hover:shadow-lg transition-shadow duration-300 flex items-center justify-center aspect-square\">\n                <img decoding=\"async\" src=\"https:\/\/excelis-sa.com\/wp-content\/uploads\/2025\/01\/parto1.jpg\" alt=\"Logo Client 5\" class=\"w-24 h-24 object-contain\">\n            <\/div>\n\n            <div class=\"p-4 bg-white rounded-xl shadow-md hover:shadow-lg transition-shadow duration-300 flex items-center justify-center aspect-square\">\n                <img decoding=\"async\" src=\"https:\/\/excelis-sa.com\/wp-content\/uploads\/2025\/01\/Coris-1.jpg\" alt=\"Logo Client 5\" class=\"w-24 h-24 object-contain\">\n            <\/div>\n\n            <div class=\"p-4 bg-white rounded-xl shadow-md hover:shadow-lg transition-shadow duration-300 flex items-center justify-center aspect-square\">\n                <img decoding=\"async\" src=\"https:\/\/excelis-sa.com\/wp-content\/uploads\/2025\/02\/image22.png\" alt=\"Logo Client 5\" class=\"w-24 h-24 object-contain\">\n            <\/div>\n            <div class=\"p-4 bg-white rounded-xl shadow-md hover:shadow-lg transition-shadow duration-300 flex items-center justify-center aspect-square\">\n                <img decoding=\"async\" src=\"https:\/\/excelis-sa.com\/wp-content\/uploads\/2025\/02\/image16.png\" alt=\"Logo Client 5\" class=\"w-24 h-24 object-contain\">\n            <\/div>\n            <div class=\"p-4 bg-white rounded-xl shadow-md hover:shadow-lg transition-shadow duration-300 flex items-center justify-center aspect-square\">\n                <img decoding=\"async\" src=\"https:\/\/excelis-sa.com\/wp-content\/uploads\/2025\/02\/image15.jpeg\" alt=\"Logo Client 5\" class=\"w-24 h-24 object-contain\">\n            <\/div>\n            <div class=\"p-4 bg-white rounded-xl shadow-md hover:shadow-lg transition-shadow duration-300 flex items-center justify-center aspect-square\">\n                <img decoding=\"async\" src=\"https:\/\/excelis-sa.com\/wp-content\/uploads\/2025\/02\/image20.jpeg\" alt=\"Logo Client 5\" class=\"w-24 h-24 object-contain\">\n            <\/div>\n            <div class=\"p-4 bg-white rounded-xl shadow-md hover:shadow-lg transition-shadow duration-300 flex items-center justify-center aspect-square\">\n                <img decoding=\"async\" src=\"https:\/\/excelis-sa.com\/wp-content\/uploads\/2025\/02\/image19.png\" alt=\"Logo Client 5\" class=\"w-24 h-24 object-contain\">\n            <\/div>\n            <div class=\"p-4 bg-white rounded-xl shadow-md hover:shadow-lg transition-shadow duration-300 flex items-center justify-center aspect-square\">\n                <img decoding=\"async\" src=\"https:\/\/excelis-sa.com\/wp-content\/uploads\/2025\/02\/image18.jpeg\" alt=\"Logo Client 5\" class=\"w-24 h-24 object-contain\">\n            <\/div>\n\n\n        <\/div>\n    <\/div>\n<\/div>\n      \n\n    <\/div>\n<\/section>\t\t\t\t<\/div>\n\t\t\t\t<\/div>\n\t\t\t\t<\/div>\n\t\t\t\t<\/div>","protected":false},"excerpt":{"rendered":"<p>Un \u00e9cosyst\u00e8me en croissance Nos Partenaires Des collaborations strat\u00e9giques pour un impact maximal<\/p>","protected":false},"author":1,"featured_media":0,"parent":0,"menu_order":0,"comment_status":"closed","ping_status":"closed","template":"","meta":{"site-sidebar-layout":"no-sidebar","site-content-layout":"page-builder","ast-site-content-layout":"full-width-container","site-content-style":"default","site-sidebar-style":"default","ast-global-header-display":"","ast-banner-title-visibility":"","ast-main-header-display":"","ast-hfb-above-header-display":"","ast-hfb-below-header-display":"","ast-hfb-mobile-header-display":"","site-post-title":"disabled","ast-breadcrumbs-content":"","ast-featured-img":"disabled","footer-sml-layout":"","theme-transparent-header-meta":"","adv-header-id-meta":"","stick-header-meta":"","header-above-stick-meta":"","header-main-stick-meta":"","header-below-stick-meta":"","astra-migrate-meta-layouts":"set","ast-page-background-enabled":"default","ast-page-background-meta":{"desktop":{"background-color":"","background-image":"","background-repeat":"repeat","background-position":"center center","background-size":"auto","background-attachment":"scroll","background-type":"","background-media":"","overlay-type":"","overlay-color":"","overlay-opacity":"","overlay-gradient":""},"tablet":{"background-color":"","background-image":"","background-repeat":"repeat","background-position":"center center","background-size":"auto","background-attachment":"scroll","background-type":"","background-media":"","overlay-type":"","overlay-color":"","overlay-opacity":"","overlay-gradient":""},"mobile":{"background-color":"","background-image":"","background-repeat":"repeat","background-position":"center center","background-size":"auto","background-attachment":"scroll","background-type":"","background-media":"","overlay-type":"","overlay-color":"","overlay-opacity":"","overlay-gradient":""}},"ast-content-background-meta":{"desktop":{"background-color":"var(--ast-global-color-5)","background-image":"","background-repeat":"repeat","background-position":"center center","background-size":"auto","background-attachment":"scroll","background-type":"","background-media":"","overlay-type":"","overlay-color":"","overlay-opacity":"","overlay-gradient":""},"tablet":{"background-color":"var(--ast-global-color-5)","background-image":"","background-repeat":"repeat","background-position":"center center","background-size":"auto","background-attachment":"scroll","background-type":"","background-media":"","overlay-type":"","overlay-color":"","overlay-opacity":"","overlay-gradient":""},"mobile":{"background-color":"var(--ast-global-color-5)","background-image":"","background-repeat":"repeat","background-position":"center center","background-size":"auto","background-attachment":"scroll","background-type":"","background-media":"","overlay-type":"","overlay-color":"","overlay-opacity":"","overlay-gradient":""}},"footnotes":""},"class_list":["post-2647","page","type-page","status-publish","hentry"],"yoast_head":"<!-- This site is optimized with the Yoast SEO plugin v26.8 - https:\/\/yoast.com\/product\/yoast-seo-wordpress\/ -->\n<title>Nos partenaires - Excelis<\/title>\n<meta name=\"robots\" content=\"index, follow, max-snippet:-1, max-image-preview:large, max-video-preview:-1\" \/>\n<link rel=\"canonical\" href=\"https:\/\/excelis-sa.com\/en\/nos-partenaires\/\" \/>\n<meta property=\"og:locale\" content=\"en_US\" \/>\n<meta property=\"og:type\" content=\"article\" \/>\n<meta property=\"og:title\" content=\"Nos partenaires - Excelis\" \/>\n<meta property=\"og:description\" content=\"Un \u00e9cosyst\u00e8me en croissance Nos Partenaires Des collaborations strat\u00e9giques pour un impact maximal\" \/>\n<meta property=\"og:url\" content=\"https:\/\/excelis-sa.com\/en\/nos-partenaires\/\" \/>\n<meta property=\"og:site_name\" content=\"Excelis\" \/>\n<meta property=\"article:modified_time\" content=\"2025-02-12T08:32:41+00:00\" \/>\n<meta property=\"og:image\" content=\"https:\/\/excelis-sa.com\/wp-content\/uploads\/2025\/02\/coris-money.png\" \/>\n<meta name=\"twitter:card\" content=\"summary_large_image\" \/>\n<script type=\"application\/ld+json\" class=\"yoast-schema-graph\">{\"@context\":\"https:\/\/schema.org\",\"@graph\":[{\"@type\":\"WebPage\",\"@id\":\"https:\/\/excelis-sa.com\/nos-partenaires\/\",\"url\":\"https:\/\/excelis-sa.com\/nos-partenaires\/\",\"name\":\"Nos partenaires - Excelis\",\"isPartOf\":{\"@id\":\"https:\/\/excelis-sa.com\/#website\"},\"primaryImageOfPage\":{\"@id\":\"https:\/\/excelis-sa.com\/nos-partenaires\/#primaryimage\"},\"image\":{\"@id\":\"https:\/\/excelis-sa.com\/nos-partenaires\/#primaryimage\"},\"thumbnailUrl\":\"https:\/\/excelis-sa.com\/wp-content\/uploads\/2025\/02\/coris-money.png\",\"datePublished\":\"2025-02-02T18:40:27+00:00\",\"dateModified\":\"2025-02-12T08:32:41+00:00\",\"breadcrumb\":{\"@id\":\"https:\/\/excelis-sa.com\/nos-partenaires\/#breadcrumb\"},\"inLanguage\":\"en-US\",\"potentialAction\":[{\"@type\":\"ReadAction\",\"target\":[\"https:\/\/excelis-sa.com\/nos-partenaires\/\"]}]},{\"@type\":\"ImageObject\",\"inLanguage\":\"en-US\",\"@id\":\"https:\/\/excelis-sa.com\/nos-partenaires\/#primaryimage\",\"url\":\"https:\/\/excelis-sa.com\/wp-content\/uploads\/2025\/02\/coris-money.png\",\"contentUrl\":\"https:\/\/excelis-sa.com\/wp-content\/uploads\/2025\/02\/coris-money.png\"},{\"@type\":\"BreadcrumbList\",\"@id\":\"https:\/\/excelis-sa.com\/nos-partenaires\/#breadcrumb\",\"itemListElement\":[{\"@type\":\"ListItem\",\"position\":1,\"name\":\"Home\",\"item\":\"https:\/\/excelis-sa.com\/\"},{\"@type\":\"ListItem\",\"position\":2,\"name\":\"Nos partenaires\"}]},{\"@type\":\"WebSite\",\"@id\":\"https:\/\/excelis-sa.com\/#website\",\"url\":\"https:\/\/excelis-sa.com\/\",\"name\":\"Excelis\",\"description\":\"\",\"publisher\":{\"@id\":\"https:\/\/excelis-sa.com\/#organization\"},\"potentialAction\":[{\"@type\":\"SearchAction\",\"target\":{\"@type\":\"EntryPoint\",\"urlTemplate\":\"https:\/\/excelis-sa.com\/?s={search_term_string}\"},\"query-input\":{\"@type\":\"PropertyValueSpecification\",\"valueRequired\":true,\"valueName\":\"search_term_string\"}}],\"inLanguage\":\"en-US\"},{\"@type\":\"Organization\",\"@id\":\"https:\/\/excelis-sa.com\/#organization\",\"name\":\"Excelis\",\"url\":\"https:\/\/excelis-sa.com\/\",\"logo\":{\"@type\":\"ImageObject\",\"inLanguage\":\"en-US\",\"@id\":\"https:\/\/excelis-sa.com\/#\/schema\/logo\/image\/\",\"url\":\"https:\/\/excelis-sa.com\/wp-content\/uploads\/2025\/01\/Logo-sans-slogan-1-scaled.jpg\",\"contentUrl\":\"https:\/\/excelis-sa.com\/wp-content\/uploads\/2025\/01\/Logo-sans-slogan-1-scaled.jpg\",\"width\":2560,\"height\":547,\"caption\":\"Excelis\"},\"image\":{\"@id\":\"https:\/\/excelis-sa.com\/#\/schema\/logo\/image\/\"}}]}<\/script>\n<!-- \/ Yoast SEO plugin. -->","yoast_head_json":{"title":"Nos partenaires - Excelis","robots":{"index":"index","follow":"follow","max-snippet":"max-snippet:-1","max-image-preview":"max-image-preview:large","max-video-preview":"max-video-preview:-1"},"canonical":"https:\/\/excelis-sa.com\/en\/nos-partenaires\/","og_locale":"en_US","og_type":"article","og_title":"Nos partenaires - Excelis","og_description":"Un \u00e9cosyst\u00e8me en croissance Nos Partenaires Des collaborations strat\u00e9giques pour un impact maximal","og_url":"https:\/\/excelis-sa.com\/en\/nos-partenaires\/","og_site_name":"Excelis","article_modified_time":"2025-02-12T08:32:41+00:00","og_image":[{"url":"https:\/\/excelis-sa.com\/wp-content\/uploads\/2025\/02\/coris-money.png","type":"","width":"","height":""}],"twitter_card":"summary_large_image","schema":{"@context":"https:\/\/schema.org","@graph":[{"@type":"WebPage","@id":"https:\/\/excelis-sa.com\/nos-partenaires\/","url":"https:\/\/excelis-sa.com\/nos-partenaires\/","name":"Nos partenaires - Excelis","isPartOf":{"@id":"https:\/\/excelis-sa.com\/#website"},"primaryImageOfPage":{"@id":"https:\/\/excelis-sa.com\/nos-partenaires\/#primaryimage"},"image":{"@id":"https:\/\/excelis-sa.com\/nos-partenaires\/#primaryimage"},"thumbnailUrl":"https:\/\/excelis-sa.com\/wp-content\/uploads\/2025\/02\/coris-money.png","datePublished":"2025-02-02T18:40:27+00:00","dateModified":"2025-02-12T08:32:41+00:00","breadcrumb":{"@id":"https:\/\/excelis-sa.com\/nos-partenaires\/#breadcrumb"},"inLanguage":"en-US","potentialAction":[{"@type":"ReadAction","target":["https:\/\/excelis-sa.com\/nos-partenaires\/"]}]},{"@type":"ImageObject","inLanguage":"en-US","@id":"https:\/\/excelis-sa.com\/nos-partenaires\/#primaryimage","url":"https:\/\/excelis-sa.com\/wp-content\/uploads\/2025\/02\/coris-money.png","contentUrl":"https:\/\/excelis-sa.com\/wp-content\/uploads\/2025\/02\/coris-money.png"},{"@type":"BreadcrumbList","@id":"https:\/\/excelis-sa.com\/nos-partenaires\/#breadcrumb","itemListElement":[{"@type":"ListItem","position":1,"name":"Home","item":"https:\/\/excelis-sa.com\/"},{"@type":"ListItem","position":2,"name":"Nos partenaires"}]},{"@type":"WebSite","@id":"https:\/\/excelis-sa.com\/#website","url":"https:\/\/excelis-sa.com\/","name":"Excelis","description":"","publisher":{"@id":"https:\/\/excelis-sa.com\/#organization"},"potentialAction":[{"@type":"SearchAction","target":{"@type":"EntryPoint","urlTemplate":"https:\/\/excelis-sa.com\/?s={search_term_string}"},"query-input":{"@type":"PropertyValueSpecification","valueRequired":true,"valueName":"search_term_string"}}],"inLanguage":"en-US"},{"@type":"Organization","@id":"https:\/\/excelis-sa.com\/#organization","name":"Excelis","url":"https:\/\/excelis-sa.com\/","logo":{"@type":"ImageObject","inLanguage":"en-US","@id":"https:\/\/excelis-sa.com\/#\/schema\/logo\/image\/","url":"https:\/\/excelis-sa.com\/wp-content\/uploads\/2025\/01\/Logo-sans-slogan-1-scaled.jpg","contentUrl":"https:\/\/excelis-sa.com\/wp-content\/uploads\/2025\/01\/Logo-sans-slogan-1-scaled.jpg","width":2560,"height":547,"caption":"Excelis"},"image":{"@id":"https:\/\/excelis-sa.com\/#\/schema\/logo\/image\/"}}]}},"_links":{"self":[{"href":"https:\/\/excelis-sa.com\/en\/wp-json\/wp\/v2\/pages\/2647","targetHints":{"allow":["GET"]}}],"collection":[{"href":"https:\/\/excelis-sa.com\/en\/wp-json\/wp\/v2\/pages"}],"about":[{"href":"https:\/\/excelis-sa.com\/en\/wp-json\/wp\/v2\/types\/page"}],"author":[{"embeddable":true,"href":"https:\/\/excelis-sa.com\/en\/wp-json\/wp\/v2\/users\/1"}],"replies":[{"embeddable":true,"href":"https:\/\/excelis-sa.com\/en\/wp-json\/wp\/v2\/comments?post=2647"}],"version-history":[{"count":0,"href":"https:\/\/excelis-sa.com\/en\/wp-json\/wp\/v2\/pages\/2647\/revisions"}],"wp:attachment":[{"href":"https:\/\/excelis-sa.com\/en\/wp-json\/wp\/v2\/media?parent=2647"}],"curies":[{"name":"wp","href":"https:\/\/api.w.org\/{rel}","templated":true}]}}