{"id":2830,"date":"2025-02-05T13:42:25","date_gmt":"2025-02-05T13:42:25","guid":{"rendered":"https:\/\/excelis-sa.com\/?page_id=2830"},"modified":"2025-02-10T20:31:47","modified_gmt":"2025-02-10T20:31:47","slug":"integration-de-solutions","status":"publish","type":"page","link":"https:\/\/excelis-sa.com\/en\/integration-de-solutions\/","title":{"rendered":"Integration de solutions"},"content":{"rendered":"<div data-elementor-type=\"wp-page\" data-elementor-id=\"2830\" class=\"elementor elementor-2830\">\n\t\t\t\t<div class=\"elementor-element elementor-element-0dbc6bf e-con-full e-flex e-con e-parent\" data-id=\"0dbc6bf\" data-element_type=\"container\">\n\t\t\t\t<div class=\"elementor-element elementor-element-2a66362 elementor-widget elementor-widget-html\" data-id=\"2a66362\" data-element_type=\"widget\" data-widget_type=\"html.default\">\n\t\t\t\t<div class=\"elementor-widget-container\">\n\t\t\t\t\t<section class=\"relative bg-gradient-to-b from-slate-50 to-white overflow-hidden\">\n    <!-- \u00c9l\u00e9ments d\u00e9coratifs d'arri\u00e8re-plan -->\n    <div class=\"absolute inset-0\">\n        <!-- Pattern technologique -->\n        <div class=\"absolute inset-0\">\n            <svg class=\"w-full h-full opacity-[0.03]\" viewbox=\"0 0 100 100\">\n                <pattern id=\"grid\" x=\"0\" y=\"0\" width=\"10\" height=\"10\" patternunits=\"userSpaceOnUse\">\n                    <rect width=\"1\" height=\"1\" fill=\"#3BB4E5\"\/>\n                    <rect x=\"5\" y=\"5\" width=\"1\" height=\"1\" fill=\"#F7941D\"\/>\n                <\/pattern>\n                <rect width=\"100\" height=\"100\" fill=\"url(#grid)\"\/>\n            <\/svg>\n        <\/div>\n\n        <!-- Cercles d\u00e9coratifs -->\n        <div class=\"absolute top-0 right-0 w-96 h-96 bg-gradient-to-br from-[#3BB4E5]\/10 to-transparent rounded-full blur-3xl\"><\/div>\n        <div class=\"absolute bottom-0 left-0 w-96 h-96 bg-gradient-to-tr from-[#F7941D]\/10 to-transparent rounded-full blur-3xl\"><\/div>\n    <\/div>\n\n    <div class=\"relative container mx-auto px-6 py-20\">\n        <div class=\"grid lg:grid-cols-2 gap-16 items-center\">\n            <!-- Section contenu -->\n            <div class=\"space-y-8\">\n                <!-- Badge -->\n                <div class=\"inline-flex items-center px-4 py-2 bg-gradient-to-r from-[#3BB4E5]\/10 to-[#F7941D]\/10 rounded-full\">\n                    <span class=\"text-sm font-semibold bg-gradient-to-r from-[#3BB4E5] to-[#F7941D] bg-clip-text text-transparent\">\n                        Integration des solutions \n                    <\/span>\n                <\/div>\n\n                <!-- Titre et description -->\n                <div class=\"space-y-6\">\n                    <div class=\"space-y-2\">\n                        <h1 class=\"text-4xl lg:text-5xl font-bold text-slate-800\">\n                            Int\u00e9gration de \n                            <span class=\"block text-[#3BB4E5]\">solutions<\/span>\n                        <\/h1>\n                        <p class=\"text-lg text-slate-600 leading-relaxed\">\n                            Nous nous sp\u00e9cialisons dans l'int\u00e9gration de solutions technologiques innovantes pour le secteur de la fintech. Notre expertise vous garantit des solutions bancaires et financi\u00e8res r\u00e9pondant aux plus hautes exigences de s\u00e9curit\u00e9 et de performance.\n                        <\/p>\n                    <\/div>\n                <\/div>\n\n                <!-- Features -->\n                <div class=\"grid grid-cols-2 gap-6\">\n                    <div class=\"group space-y-3\">\n                        <div class=\"w-12 h-12 bg-[#3BB4E5]\/10 rounded-xl flex items-center justify-center group-hover:scale-110 transition-transform\">\n                            <svg class=\"w-6 h-6 text-[#3BB4E5]\" fill=\"none\" stroke=\"currentColor\" viewbox=\"0 0 24 24\">\n                                <path stroke-linecap=\"round\" stroke-linejoin=\"round\" stroke-width=\"2\" d=\"M12 15v2m-6 4h12a2 2 0 002-2v-6a2 2 0 00-2-2H6a2 2 0 00-2 2v6a2 2 0 002 2zm10-10V7a4 4 0 00-8 0v4h8z\"\/>\n                            <\/svg>\n                        <\/div>\n                        <h3 class=\"font-semibold text-slate-800 !text-[20px]\">S\u00e9curit\u00e9 Maximale<\/h3>\n                        <p class=\"text-sm text-slate-600\">Protection des donn\u00e9es et transactions s\u00e9curis\u00e9es<\/p>\n                    <\/div>\n\n                    <div class=\"group space-y-3\">\n                        <div class=\"w-12 h-12 bg-[#F7941D]\/10 rounded-xl flex items-center justify-center group-hover:scale-110 transition-transform\">\n                            <svg class=\"w-6 h-6 text-[#F7941D]\" fill=\"none\" stroke=\"currentColor\" viewbox=\"0 0 24 24\">\n                                <path stroke-linecap=\"round\" stroke-linejoin=\"round\" stroke-width=\"2\" d=\"M13 10V3L4 14h7v7l9-11h-7z\"\/>\n                            <\/svg>\n                        <\/div>\n                        <h3 class=\"font-semibold text-slate-800 !text-[20px]\">Performance Optimale<\/h3>\n                        <p class=\"text-sm text-slate-600\">Solutions rapides et efficaces<\/p>\n                    <\/div>\n                <\/div>\n\n              \n            <\/div>\n\n            <!-- Section illustration -->\n            <div class=\"relative\">\n                <!-- Interface abstraite -->\n                <div class=\"relative bg-white rounded-2xl shadow-xl p-8\">\n                    <!-- En-t\u00eate -->\n                    <div class=\"flex items-center justify-between mb-8\">\n                        <div class=\"flex space-x-2\">\n                            <div class=\"w-3 h-3 rounded-full bg-[#F7941D]\"><\/div>\n                            <div class=\"w-3 h-3 rounded-full bg-slate-200\"><\/div>\n                            <div class=\"w-3 h-3 rounded-full bg-[#3BB4E5]\"><\/div>\n                        <\/div>\n                    <\/div>\n\n                    <!-- \u00c9l\u00e9ments d'interface -->\n                    <div class=\"space-y-6\">\n                        <!-- Graphique -->\n                        <div class=\"h-40 bg-slate-50 rounded-lg overflow-hidden p-4\">\n                            <div class=\"h-full w-full flex items-end space-x-2\">\n                                <div class=\"w-1\/6 h-[60%] bg-[#3BB4E5]\/20 rounded-t\"><\/div>\n                                <div class=\"w-1\/6 h-[80%] bg-[#3BB4E5]\/40 rounded-t\"><\/div>\n                                <div class=\"w-1\/6 h-[40%] bg-[#F7941D]\/20 rounded-t\"><\/div>\n                                <div class=\"w-1\/6 h-[90%] bg-[#F7941D]\/40 rounded-t\"><\/div>\n                                <div class=\"w-1\/6 h-[70%] bg-[#3BB4E5]\/60 rounded-t\"><\/div>\n                                <div class=\"w-1\/6 h-[85%] bg-[#F7941D]\/60 rounded-t\"><\/div>\n                            <\/div>\n                        <\/div>\n\n                        <!-- Cartes de donn\u00e9es -->\n                        <div class=\"grid grid-cols-2 gap-4\">\n                            <div class=\"p-4 bg-slate-50 rounded-lg\">\n                                <div class=\"w-full h-2 bg-[#3BB4E5]\/20 rounded mb-2\"><\/div>\n                                <div class=\"w-2\/3 h-2 bg-[#3BB4E5]\/20 rounded\"><\/div>\n                            <\/div>\n                            <div class=\"p-4 bg-slate-50 rounded-lg\">\n                                <div class=\"w-full h-2 bg-[#F7941D]\/20 rounded mb-2\"><\/div>\n                                <div class=\"w-2\/3 h-2 bg-[#F7941D]\/20 rounded\"><\/div>\n                            <\/div>\n                        <\/div>\n\n                        <!-- Indicateurs -->\n                        <div class=\"grid grid-cols-3 gap-2\">\n                            <div class=\"h-2 bg-[#3BB4E5]\/40 rounded\"><\/div>\n                            <div class=\"h-2 bg-[#F7941D]\/40 rounded\"><\/div>\n                            <div class=\"h-2 bg-[#3BB4E5]\/40 rounded\"><\/div>\n                        <\/div>\n                    <\/div>\n                <\/div>\n\n                <!-- Effets de profondeur -->\n                <div class=\"absolute -top-4 -right-4 w-full h-full bg-[#3BB4E5]\/5 rounded-2xl -z-10\"><\/div>\n                <div class=\"absolute -bottom-4 -left-4 w-full h-full bg-[#F7941D]\/5 rounded-2xl -z-10\"><\/div>\n            <\/div>\n        <\/div>\n    <\/div>\n<\/section>\t\t\t\t<\/div>\n\t\t\t\t<\/div>\n\t\t\t\t<\/div>\n\t\t<div class=\"elementor-element elementor-element-a117f94 e-con-full e-flex e-con e-parent\" data-id=\"a117f94\" data-element_type=\"container\">\n\t\t\t\t<div class=\"elementor-element elementor-element-ab57e85 elementor-widget elementor-widget-html\" data-id=\"ab57e85\" data-element_type=\"widget\" data-widget_type=\"html.default\">\n\t\t\t\t<div class=\"elementor-widget-container\">\n\t\t\t\t\t<section class=\"relative py-24 px-4 max-w-7xl mx-auto\">\n        <!-- \u00c9l\u00e9ments de design en arri\u00e8re-plan -->\n        <div class=\"absolute top-20 left-20 w-72 h-72 bg-blue-400 rounded-full mix-blend-multiply filter blur-xl opacity-20 animate-pulse\"><\/div>\n        <div class=\"absolute bottom-20 right-20 w-72 h-72 bg-orange-400 rounded-full mix-blend-multiply filter blur-xl opacity-20 animate-pulse\" style=\"animation-delay: 1s\"><\/div>\n\n        <div class=\"grid grid-cols-1 md:grid-cols-12 gap-8 relative\">\n            <!-- Carte 1 -->\n            <div class=\"md:col-span-6 group\">\n                <div class=\"h-full bg-gradient-to-br from-white to-gray-50 rounded-3xl shadow-2xl p-8 transition-all duration-500 hover:shadow-blue-200\/50 border border-blue-100\/50\">\n                    <div class=\"flex items-center justify-center mb-8\">\n                        <div class=\"p-4 bg-blue-500\/10 rounded-2xl\">\n                            <svg xmlns=\"http:\/\/www.w3.org\/2000\/svg\" class=\"w-16 h-16 text-blue-500\" viewbox=\"0 0 24 24\" fill=\"none\" stroke=\"currentColor\" stroke-width=\"1.5\">\n                                <path d=\"M12 2L2 7l10 5 10-5-10-5zM2 17l10 5 10-5M2 12l10 5 10-5\"\/>\n                            <\/svg>\n                        <\/div>\n                    <\/div>\n                    <h2 class=\"text-2xl font-bold text-gray-800 mb-6 text-center\">Expertise en int\u00e9gration<\/h2>\n                    <p class=\"text-gray-600 leading-relaxed text-center\">\n                        Excelis est une soci\u00e9t\u00e9 sp\u00e9cialis\u00e9e dans l'int\u00e9gration de solutions pour les entreprises, institutions et administration.\n                    <\/p>\n                <\/div>\n            <\/div>\n            \n            <!-- Carte 2 -->\n            <div class=\"md:col-span-6 group\">\n                <div class=\"h-full bg-gradient-to-br from-white to-gray-50 rounded-3xl shadow-2xl p-8 transition-all duration-500 hover:shadow-orange-200\/50 border border-orange-100\/50\">\n                    <div class=\"flex items-center justify-center mb-8\">\n                        <div class=\"p-4 bg-orange-500\/10 rounded-2xl\">\n                            <svg xmlns=\"http:\/\/www.w3.org\/2000\/svg\" class=\"w-16 h-16 text-orange-500\" viewbox=\"0 0 24 24\" fill=\"none\" stroke=\"currentColor\" stroke-width=\"1.5\">\n                                <path d=\"M17 21v-2a4 4 0 0 0-4-4H5a4 4 0 0 0-4 4v2\"\/>\n                                <circle cx=\"9\" cy=\"7\" r=\"4\"\/>\n                                <path d=\"M23 21v-2a4 4 0 0 0-3-3.87\"\/>\n                                <path d=\"M16 3.13a4 4 0 0 1 0 7.75\"\/>\n                            <\/svg>\n                        <\/div>\n                    <\/div>\n                    <h2 class=\"text-2xl font-bold text-gray-800 mb-6 text-center\">Collaboration et expertise<\/h2>\n                    <p class=\"text-gray-600 leading-relaxed text-center\">\n                        Pour mener \u00e0 bien les projets de nos clients, nous travaillons en collaboration \u00e9troite avec eux, notamment gr\u00e2ce \u00e0 une \u00e9quipe compos\u00e9e d'experts habitu\u00e9s aux exigences de leur m\u00e9tier.\n                    <\/p>\n                <\/div>\n            <\/div>\n            \n            <!-- Carte 3 -->\n            <div class=\"md:col-span-12 group\">\n                <div class=\"bg-gradient-to-br from-white to-gray-50 rounded-3xl shadow-2xl p-8 transition-all duration-500 hover:shadow-blue-200\/50 border border-blue-100\/50\">\n                    <div class=\"flex items-center justify-center mb-8\">\n                        <div class=\"p-4 bg-gradient-to-r from-blue-500\/10 to-orange-500\/10 rounded-2xl\">\n                            <svg xmlns=\"http:\/\/www.w3.org\/2000\/svg\" class=\"w-16 h-16 text-blue-500\" viewbox=\"0 0 24 24\" fill=\"none\" stroke=\"currentColor\" stroke-width=\"1.5\">\n                                <path d=\"M21 16V8a2 2 0 0 0-1-1.73l-7-4a2 2 0 0 0-2 0l-7 4A2 2 0 0 0 3 8v8a2 2 0 0 0 1 1.73l7 4a2 2 0 0 0 2 0l7-4A2 2 0 0 0 21 16z\"\/>\n                                <polyline points=\"7.5 4.21 12 6.81 16.5 4.21\"\/>\n                                <polyline points=\"7.5 19.79 7.5 14.6 3 12\"\/>\n                                <polyline points=\"21 12 16.5 14.6 16.5 19.79\"\/>\n                                <polyline points=\"3.27 6.96 12 12.01 20.73 6.96\"\/>\n                                <line x1=\"12\" y1=\"22.08\" x2=\"12\" y2=\"12\"\/>\n                            <\/svg>\n                        <\/div>\n                    <\/div>\n                    <h2 class=\"text-2xl font-bold text-gray-800 mb-6 text-center\">Solutions sur mesure<\/h2>\n                    <p class=\"text-gray-600 leading-relaxed text-center max-w-3xl mx-auto\">\n                        En effet, la pluralit\u00e9 des secteurs d'activit\u00e9 de nos clients facilite le travail de notre \u00e9quipe de consultants m\u00e9tiers et techniques qui est alors plus apte \u00e0 d\u00e9velopper des solutions sur mesure.\n                    <\/p>\n                <\/div>\n            <\/div>\n        <\/div>\n    <\/section>\t\t\t\t<\/div>\n\t\t\t\t<\/div>\n\t\t\t\t<\/div>\n\t\t\t\t<\/div>","protected":false},"excerpt":{"rendered":"<p>Integration des solutions Int\u00e9gration de solutions Nous nous sp\u00e9cialisons dans l&rsquo;int\u00e9gration de solutions technologiques innovantes pour le secteur de la fintech. Notre expertise vous garantit des solutions bancaires et financi\u00e8res r\u00e9pondant aux plus hautes exigences de s\u00e9curit\u00e9 et de performance. S\u00e9curit\u00e9 Maximale Protection des donn\u00e9es et transactions s\u00e9curis\u00e9es Performance Optimale Solutions rapides et efficaces Expertise [&hellip;]<\/p>","protected":false},"author":1,"featured_media":0,"parent":0,"menu_order":0,"comment_status":"closed","ping_status":"closed","template":"","meta":{"site-sidebar-layout":"no-sidebar","site-content-layout":"page-builder","ast-site-content-layout":"full-width-container","site-content-style":"default","site-sidebar-style":"default","ast-global-header-display":"","ast-banner-title-visibility":"","ast-main-header-display":"","ast-hfb-above-header-display":"","ast-hfb-below-header-display":"","ast-hfb-mobile-header-display":"","site-post-title":"disabled","ast-breadcrumbs-content":"","ast-featured-img":"disabled","footer-sml-layout":"","theme-transparent-header-meta":"","adv-header-id-meta":"","stick-header-meta":"","header-above-stick-meta":"","header-main-stick-meta":"","header-below-stick-meta":"","astra-migrate-meta-layouts":"set","ast-page-background-enabled":"default","ast-page-background-meta":{"desktop":{"background-color":"","background-image":"","background-repeat":"repeat","background-position":"center center","background-size":"auto","background-attachment":"scroll","background-type":"","background-media":"","overlay-type":"","overlay-color":"","overlay-opacity":"","overlay-gradient":""},"tablet":{"background-color":"","background-image":"","background-repeat":"repeat","background-position":"center center","background-size":"auto","background-attachment":"scroll","background-type":"","background-media":"","overlay-type":"","overlay-color":"","overlay-opacity":"","overlay-gradient":""},"mobile":{"background-color":"","background-image":"","background-repeat":"repeat","background-position":"center center","background-size":"auto","background-attachment":"scroll","background-type":"","background-media":"","overlay-type":"","overlay-color":"","overlay-opacity":"","overlay-gradient":""}},"ast-content-background-meta":{"desktop":{"background-color":"var(--ast-global-color-5)","background-image":"","background-repeat":"repeat","background-position":"center center","background-size":"auto","background-attachment":"scroll","background-type":"","background-media":"","overlay-type":"","overlay-color":"","overlay-opacity":"","overlay-gradient":""},"tablet":{"background-color":"var(--ast-global-color-5)","background-image":"","background-repeat":"repeat","background-position":"center center","background-size":"auto","background-attachment":"scroll","background-type":"","background-media":"","overlay-type":"","overlay-color":"","overlay-opacity":"","overlay-gradient":""},"mobile":{"background-color":"var(--ast-global-color-5)","background-image":"","background-repeat":"repeat","background-position":"center center","background-size":"auto","background-attachment":"scroll","background-type":"","background-media":"","overlay-type":"","overlay-color":"","overlay-opacity":"","overlay-gradient":""}},"footnotes":""},"class_list":["post-2830","page","type-page","status-publish","hentry"],"yoast_head":"<!-- This site is optimized with the Yoast SEO plugin v26.8 - https:\/\/yoast.com\/product\/yoast-seo-wordpress\/ -->\n<title>Integration de solutions - Excelis<\/title>\n<meta name=\"robots\" content=\"index, follow, max-snippet:-1, max-image-preview:large, max-video-preview:-1\" \/>\n<link rel=\"canonical\" href=\"https:\/\/excelis-sa.com\/en\/integration-de-solutions\/\" \/>\n<meta property=\"og:locale\" content=\"en_US\" \/>\n<meta property=\"og:type\" content=\"article\" \/>\n<meta property=\"og:title\" content=\"Integration de solutions - Excelis\" \/>\n<meta property=\"og:description\" content=\"Integration des solutions Int\u00e9gration de solutions Nous nous sp\u00e9cialisons dans l&rsquo;int\u00e9gration de solutions technologiques innovantes pour le secteur de la fintech. Notre expertise vous garantit des solutions bancaires et financi\u00e8res r\u00e9pondant aux plus hautes exigences de s\u00e9curit\u00e9 et de performance. S\u00e9curit\u00e9 Maximale Protection des donn\u00e9es et transactions s\u00e9curis\u00e9es Performance Optimale Solutions rapides et efficaces Expertise [&hellip;]\" \/>\n<meta property=\"og:url\" content=\"https:\/\/excelis-sa.com\/en\/integration-de-solutions\/\" \/>\n<meta property=\"og:site_name\" content=\"Excelis\" \/>\n<meta property=\"article:modified_time\" content=\"2025-02-10T20:31:47+00:00\" \/>\n<meta name=\"twitter:card\" content=\"summary_large_image\" \/>\n<meta name=\"twitter:label1\" content=\"Est. reading time\" \/>\n\t<meta name=\"twitter:data1\" content=\"1 minute\" \/>\n<script type=\"application\/ld+json\" class=\"yoast-schema-graph\">{\"@context\":\"https:\/\/schema.org\",\"@graph\":[{\"@type\":\"WebPage\",\"@id\":\"https:\/\/excelis-sa.com\/integration-de-solutions\/\",\"url\":\"https:\/\/excelis-sa.com\/integration-de-solutions\/\",\"name\":\"Integration de solutions - Excelis\",\"isPartOf\":{\"@id\":\"https:\/\/excelis-sa.com\/#website\"},\"datePublished\":\"2025-02-05T13:42:25+00:00\",\"dateModified\":\"2025-02-10T20:31:47+00:00\",\"breadcrumb\":{\"@id\":\"https:\/\/excelis-sa.com\/integration-de-solutions\/#breadcrumb\"},\"inLanguage\":\"en-US\",\"potentialAction\":[{\"@type\":\"ReadAction\",\"target\":[\"https:\/\/excelis-sa.com\/integration-de-solutions\/\"]}]},{\"@type\":\"BreadcrumbList\",\"@id\":\"https:\/\/excelis-sa.com\/integration-de-solutions\/#breadcrumb\",\"itemListElement\":[{\"@type\":\"ListItem\",\"position\":1,\"name\":\"Home\",\"item\":\"https:\/\/excelis-sa.com\/\"},{\"@type\":\"ListItem\",\"position\":2,\"name\":\"Integration de solutions\"}]},{\"@type\":\"WebSite\",\"@id\":\"https:\/\/excelis-sa.com\/#website\",\"url\":\"https:\/\/excelis-sa.com\/\",\"name\":\"Excelis\",\"description\":\"\",\"publisher\":{\"@id\":\"https:\/\/excelis-sa.com\/#organization\"},\"potentialAction\":[{\"@type\":\"SearchAction\",\"target\":{\"@type\":\"EntryPoint\",\"urlTemplate\":\"https:\/\/excelis-sa.com\/?s={search_term_string}\"},\"query-input\":{\"@type\":\"PropertyValueSpecification\",\"valueRequired\":true,\"valueName\":\"search_term_string\"}}],\"inLanguage\":\"en-US\"},{\"@type\":\"Organization\",\"@id\":\"https:\/\/excelis-sa.com\/#organization\",\"name\":\"Excelis\",\"url\":\"https:\/\/excelis-sa.com\/\",\"logo\":{\"@type\":\"ImageObject\",\"inLanguage\":\"en-US\",\"@id\":\"https:\/\/excelis-sa.com\/#\/schema\/logo\/image\/\",\"url\":\"https:\/\/excelis-sa.com\/wp-content\/uploads\/2025\/01\/Logo-sans-slogan-1-scaled.jpg\",\"contentUrl\":\"https:\/\/excelis-sa.com\/wp-content\/uploads\/2025\/01\/Logo-sans-slogan-1-scaled.jpg\",\"width\":2560,\"height\":547,\"caption\":\"Excelis\"},\"image\":{\"@id\":\"https:\/\/excelis-sa.com\/#\/schema\/logo\/image\/\"}}]}<\/script>\n<!-- \/ Yoast SEO plugin. -->","yoast_head_json":{"title":"Integration de solutions - Excelis","robots":{"index":"index","follow":"follow","max-snippet":"max-snippet:-1","max-image-preview":"max-image-preview:large","max-video-preview":"max-video-preview:-1"},"canonical":"https:\/\/excelis-sa.com\/en\/integration-de-solutions\/","og_locale":"en_US","og_type":"article","og_title":"Integration de solutions - Excelis","og_description":"Integration des solutions Int\u00e9gration de solutions Nous nous sp\u00e9cialisons dans l&rsquo;int\u00e9gration de solutions technologiques innovantes pour le secteur de la fintech. Notre expertise vous garantit des solutions bancaires et financi\u00e8res r\u00e9pondant aux plus hautes exigences de s\u00e9curit\u00e9 et de performance. S\u00e9curit\u00e9 Maximale Protection des donn\u00e9es et transactions s\u00e9curis\u00e9es Performance Optimale Solutions rapides et efficaces Expertise [&hellip;]","og_url":"https:\/\/excelis-sa.com\/en\/integration-de-solutions\/","og_site_name":"Excelis","article_modified_time":"2025-02-10T20:31:47+00:00","twitter_card":"summary_large_image","twitter_misc":{"Est. reading time":"1 minute"},"schema":{"@context":"https:\/\/schema.org","@graph":[{"@type":"WebPage","@id":"https:\/\/excelis-sa.com\/integration-de-solutions\/","url":"https:\/\/excelis-sa.com\/integration-de-solutions\/","name":"Integration de solutions - Excelis","isPartOf":{"@id":"https:\/\/excelis-sa.com\/#website"},"datePublished":"2025-02-05T13:42:25+00:00","dateModified":"2025-02-10T20:31:47+00:00","breadcrumb":{"@id":"https:\/\/excelis-sa.com\/integration-de-solutions\/#breadcrumb"},"inLanguage":"en-US","potentialAction":[{"@type":"ReadAction","target":["https:\/\/excelis-sa.com\/integration-de-solutions\/"]}]},{"@type":"BreadcrumbList","@id":"https:\/\/excelis-sa.com\/integration-de-solutions\/#breadcrumb","itemListElement":[{"@type":"ListItem","position":1,"name":"Home","item":"https:\/\/excelis-sa.com\/"},{"@type":"ListItem","position":2,"name":"Integration de solutions"}]},{"@type":"WebSite","@id":"https:\/\/excelis-sa.com\/#website","url":"https:\/\/excelis-sa.com\/","name":"Excelis","description":"","publisher":{"@id":"https:\/\/excelis-sa.com\/#organization"},"potentialAction":[{"@type":"SearchAction","target":{"@type":"EntryPoint","urlTemplate":"https:\/\/excelis-sa.com\/?s={search_term_string}"},"query-input":{"@type":"PropertyValueSpecification","valueRequired":true,"valueName":"search_term_string"}}],"inLanguage":"en-US"},{"@type":"Organization","@id":"https:\/\/excelis-sa.com\/#organization","name":"Excelis","url":"https:\/\/excelis-sa.com\/","logo":{"@type":"ImageObject","inLanguage":"en-US","@id":"https:\/\/excelis-sa.com\/#\/schema\/logo\/image\/","url":"https:\/\/excelis-sa.com\/wp-content\/uploads\/2025\/01\/Logo-sans-slogan-1-scaled.jpg","contentUrl":"https:\/\/excelis-sa.com\/wp-content\/uploads\/2025\/01\/Logo-sans-slogan-1-scaled.jpg","width":2560,"height":547,"caption":"Excelis"},"image":{"@id":"https:\/\/excelis-sa.com\/#\/schema\/logo\/image\/"}}]}},"_links":{"self":[{"href":"https:\/\/excelis-sa.com\/en\/wp-json\/wp\/v2\/pages\/2830","targetHints":{"allow":["GET"]}}],"collection":[{"href":"https:\/\/excelis-sa.com\/en\/wp-json\/wp\/v2\/pages"}],"about":[{"href":"https:\/\/excelis-sa.com\/en\/wp-json\/wp\/v2\/types\/page"}],"author":[{"embeddable":true,"href":"https:\/\/excelis-sa.com\/en\/wp-json\/wp\/v2\/users\/1"}],"replies":[{"embeddable":true,"href":"https:\/\/excelis-sa.com\/en\/wp-json\/wp\/v2\/comments?post=2830"}],"version-history":[{"count":0,"href":"https:\/\/excelis-sa.com\/en\/wp-json\/wp\/v2\/pages\/2830\/revisions"}],"wp:attachment":[{"href":"https:\/\/excelis-sa.com\/en\/wp-json\/wp\/v2\/media?parent=2830"}],"curies":[{"name":"wp","href":"https:\/\/api.w.org\/{rel}","templated":true}]}}