{"id":2968,"date":"2025-02-05T20:13:54","date_gmt":"2025-02-05T20:13:54","guid":{"rendered":"https:\/\/excelis-sa.com\/?page_id=2968"},"modified":"2025-02-05T20:35:16","modified_gmt":"2025-02-05T20:35:16","slug":"cartes-didentification","status":"publish","type":"page","link":"https:\/\/excelis-sa.com\/en\/cartes-didentification\/","title":{"rendered":"Cartes d&rsquo;identification"},"content":{"rendered":"<div data-elementor-type=\"wp-page\" data-elementor-id=\"2968\" class=\"elementor elementor-2968\">\n\t\t\t\t<div class=\"elementor-element elementor-element-548043a e-con-full e-flex e-con e-parent\" data-id=\"548043a\" data-element_type=\"container\">\n\t\t\t\t<div class=\"elementor-element elementor-element-146350b elementor-widget elementor-widget-html\" data-id=\"146350b\" data-element_type=\"widget\" data-widget_type=\"html.default\">\n\t\t\t\t<div class=\"elementor-widget-container\">\n\t\t\t\t\t<section class=\"relative min-h-screen bg-gradient-to-br from-slate-900 via-slate-800 to-slate-900 overflow-hidden\">\n    <!-- Motif de fond cybers\u00e9curit\u00e9 -->\n    <div class=\"absolute inset-0 opacity-[0.07]\">\n        <div class=\"absolute inset-0\" style=\"background-image: linear-gradient(#3BB4E5 1px, transparent 1px), linear-gradient(to right, #3BB4E5 1px, transparent 1px); background-size: 40px 40px;\"><\/div>\n    <\/div>\n\n    <!-- Effets lumineux -->\n    <div class=\"absolute top-0 right-0 w-96 h-96 bg-[#3BB4E5]\/10 rounded-full blur-[100px]\"><\/div>\n    <div class=\"absolute bottom-0 left-0 w-96 h-96 bg-[#F7941D]\/10 rounded-full blur-[100px]\"><\/div>\n\n    <!-- Contenu principal -->\n    <div class=\"relative container mx-auto px-4 pt-32 pb-20\">\n        <div class=\"grid lg:grid-cols-2 gap-16 items-center\">\n            <!-- Contenu texte -->\n            <div class=\"space-y-8\">\n                <div class=\"inline-flex items-center space-x-2 bg-slate-800\/50 backdrop-blur px-6 py-3 rounded-full border border-slate-700\">\n                    <div class=\"w-2 h-2 bg-[#3BB4E5] rounded-full animate-pulse\"><\/div>\n                    <span class=\"text-slate-300 font-medium\">S\u00e9curit\u00e9 avanc\u00e9e<\/span>\n                <\/div>\n\n                <div class=\"space-y-6\">\n                    <h1 class=\"text-6xl font-bold leading-none\">\n                        <span class=\"text-white\">Cartes<\/span>\n                        \n                        <div class=\"relative inline-block mt-2\">\n                            <span class=\"bg-gradient-to-r from-[#3BB4E5] to-[#F7941D] text-transparent bg-clip-text\">d'identification<\/span>\n                            <div class=\"absolute -bottom-2 left-0 w-full h-1 bg-gradient-to-r from-[#3BB4E5] to-[#F7941D] opacity-50\"><\/div>\n                        <\/div>\n                        \n                    <\/h1>\n                    <p class=\"text-xl text-slate-300 leading-relaxed\">\n                        Des solutions d'identification fiables et innovantes pour les organisations et gouvernements, avec des standards de s\u00e9curit\u00e9 de pointe.\n                    <\/p>\n                <\/div>\n\n                <!-- Features -->\n                <div class=\"grid grid-cols-1 md:grid-cols-2 gap-4\">\n                    <div class=\"group bg-slate-800\/50 backdrop-blur p-6 rounded-xl border border-slate-700 hover:bg-slate-800 transition-colors\">\n                        <div class=\"flex items-center gap-4 mb-3\">\n                            <div class=\"w-12 h-12 rounded-xl bg-[#3BB4E5]\/10 flex items-center justify-center group-hover:scale-110 transition-transform\">\n                                <svg class=\"w-6 h-6 text-[#3BB4E5]\" fill=\"none\" stroke=\"currentColor\" viewbox=\"0 0 24 24\">\n                                    <path stroke-linecap=\"round\" stroke-linejoin=\"round\" stroke-width=\"2\" d=\"M15 7a2 2 0 012 2m4 0a6 6 0 01-7.743 5.743L11 17H9v2H7v2H4a1 1 0 01-1-1v-2.586a1 1 0 01.293-.707l5.964-5.964A6 6 0 1121 9z\"\/>\n                                <\/svg>\n                            <\/div>\n                            <h3 class=\"text-lg font-semibold !text-white\">Anti-contrefa\u00e7on<\/h3>\n                        <\/div>\n                        <p class=\"text-slate-400\">Protection avanc\u00e9e contre la falsification et la reproduction ill\u00e9gale<\/p>\n                    <\/div>\n\n                    <div class=\"group bg-slate-800\/50 backdrop-blur p-6 rounded-xl border border-slate-700 hover:bg-slate-800 transition-colors\">\n                        <div class=\"flex items-center gap-4 mb-3\">\n                            <div class=\"w-12 h-12 rounded-xl bg-[#F7941D]\/10 flex items-center justify-center group-hover:scale-110 transition-transform\">\n                                <svg class=\"w-6 h-6 text-[#F7941D]\" fill=\"none\" stroke=\"currentColor\" viewbox=\"0 0 24 24\">\n                                    <path stroke-linecap=\"round\" stroke-linejoin=\"round\" stroke-width=\"2\" d=\"M9 12l2 2 4-4m5.618-4.016A11.955 11.955 0 0112 2.944a11.955 11.955 0 01-8.618 3.04A12.02 12.02 0 003 9c0 5.591 3.824 10.29 9 11.622 5.176-1.332 9-6.03 9-11.622 0-1.042-.133-2.052-.382-3.016z\"\/>\n                                <\/svg>\n                            <\/div>\n                            <h3 class=\"text-lg font-semibold !text-white\">V\u00e9rification biom\u00e9trique<\/h3>\n                        <\/div>\n                        <p class=\"text-slate-400\">Identification unique et infalsifiable des porteurs<\/p>\n                    <\/div>\n                <\/div>\n\n                <!-- CTA -->\n                <!--div class=\"flex flex-wrap gap-4 pt-8\">\n                    <a href=\"#\" class=\"group relative px-8 py-4 bg-gradient-to-r from-[#3BB4E5] to-[#F7941D] text-white font-semibold rounded-xl overflow-hidden\">\n                        <span class=\"relative z-10\">D\u00e9couvrir nos solutions<\/span>\n                        <div class=\"absolute inset-0 bg-gradient-to-r from-[#F7941D] to-[#3BB4E5] opacity-0 group-hover:opacity-100 transition-opacity duration-300\"><\/div>\n                    <\/a>\n                    <a href=\"#\" class=\"px-8 py-4 bg-slate-800 text-white font-semibold rounded-xl border border-slate-600 hover:bg-slate-700 transition-colors\">\n                        Contactez-nous\n                    <\/a>\n                <\/div-->\n            <\/div>\n\n            <!-- Partie visuelle -->\n            <div class=\"relative lg:h-[600px]\">\n                <!-- Carte d'identit\u00e9 principale -->\n                <div class=\"absolute top-1\/2 left-1\/2 transform -translate-x-1\/2 -translate-y-1\/2 w-96\">\n                    <!-- Effet de brillance -->\n                    <div class=\"absolute inset-0 bg-gradient-to-r from-transparent via-white\/5 to-transparent animate-shine\"><\/div>\n                    \n                    <!-- Carte principale -->\n                    <div class=\"relative w-full aspect-[1.586\/1] bg-gradient-to-br from-slate-700 to-slate-800 rounded-2xl shadow-2xl overflow-hidden backdrop-blur-xl p-6 hover:scale-105 transition-transform duration-300\">\n                        <!-- Puce \u00e9lectronique -->\n                        <div class=\"absolute top-6 left-6 w-14 h-14\">\n                            <div class=\"w-full h-full bg-gradient-to-br from-[#3BB4E5] to-[#F7941D] rounded-lg opacity-20\"><\/div>\n                            <div class=\"absolute inset-0 flex items-center justify-center\">\n                                <svg class=\"w-8 h-8 text-[#F7941D]\" fill=\"none\" stroke=\"currentColor\" viewbox=\"0 0 24 24\">\n                                    <path stroke-linecap=\"round\" stroke-linejoin=\"round\" stroke-width=\"2\" d=\"M12 11c0 3.517-1.009 6.799-2.753 9.571m-3.44-2.04l.054-.09A13.916 13.916 0 008 11a4 4 0 118 0c0 1.017-.07 2.019-.203 3m-2.118 6.844A21.88 21.88 0 0015.171 17m3.839 1.132c.645-2.266.99-4.659.99-7.132A8 8 0 008 4.07M3 15.364c.64-1.319 1-2.8 1-4.364 0-1.457.39-2.823 1.07-4\"\/>\n                                <\/svg>\n                            <\/div>\n                        <\/div>\n\n                        <!-- Hologramme -->\n                        <div class=\"absolute top-6 right-6 w-16 h-16\">\n                            <div class=\"w-full h-full rounded-full bg-gradient-to-r from-[#3BB4E5]\/20 to-[#F7941D]\/20 animate-pulse\"><\/div>\n                        <\/div>\n\n                        <!-- Lignes de donn\u00e9es -->\n                        <div class=\"absolute bottom-8 left-8 right-8 space-y-3\">\n                            <div class=\"h-2 bg-slate-600\/50 rounded-full w-3\/4\"><\/div>\n                            <div class=\"h-2 bg-slate-600\/50 rounded-full w-1\/2\"><\/div>\n                        <\/div>\n                    <\/div>\n\n                    <!-- Cartes d'arri\u00e8re-plan -->\n                    <div class=\"absolute top-0 -right-20 w-80 h-48 bg-[#3BB4E5]\/5 rounded-2xl transform rotate-12\"><\/div>\n                    <div class=\"absolute -bottom-20 -left-20 w-80 h-48 bg-[#F7941D]\/5 rounded-2xl transform -rotate-12\"><\/div>\n                <\/div>\n            <\/div>\n        <\/div>\n    <\/div>\n\n    <!-- Style pour l'animation de brillance -->\n    <style>\n        @keyframes shine {\n            from {\n                transform: translateX(-100%);\n            }\n            to {\n                transform: translateX(100%);\n            }\n        }\n        .animate-shine {\n            animation: shine 3s infinite;\n        }\n    <\/style>\n<\/section>\t\t\t\t<\/div>\n\t\t\t\t<\/div>\n\t\t\t\t<\/div>\n\t\t<div class=\"elementor-element elementor-element-3756a43 e-con-full e-flex e-con e-parent\" data-id=\"3756a43\" data-element_type=\"container\">\n\t\t\t\t<div class=\"elementor-element elementor-element-b600dc8 elementor-widget elementor-widget-html\" data-id=\"b600dc8\" data-element_type=\"widget\" data-widget_type=\"html.default\">\n\t\t\t\t<div class=\"elementor-widget-container\">\n\t\t\t\t\t<section class=\"py-24 relative bg-white\">\n    <!-- Motif de fond subtil -->\n    <div class=\"absolute inset-0 opacity-5\">\n        <div class=\"absolute inset-0\" style=\"background-image: radial-gradient(#3BB4E5 1px, transparent 1px); background-size: 20px 20px;\"><\/div>\n    <\/div>\n\n    <div class=\"container mx-auto px-4 relative\">\n        <!-- En-t\u00eate -->\n        <div class=\"max-w-4xl mx-auto text-center mb-16\">\n            <h2 class=\"text-4xl md:text-5xl font-bold text-[#3BB4E5] mb-8\">\n                Cartes d'identification\n            <\/h2>\n            <p class=\"text-gray-600 text-lg leading-relaxed mb-8\">\n                Excelis propose des cartes d'identification fiables ainsi que des solutions compl\u00e8tes de gestion s\u00e9curis\u00e9e, destin\u00e9es \u00e0 soutenir les organisations et les gouvernements dans leur ambition d'offrir de nouveau canaux d'acc\u00e8s \u00e0 des services sp\u00e9cifiques.\n            <\/p>\n            <p class=\"text-gray-500 text-lg\">\n                Les documents d'identification conf\u00e8rent au titulaire une place dans la soci\u00e9t\u00e9 ou dans un domaine d'activit\u00e9 donn\u00e9.\n            <\/p>\n        <\/div>\n\n        <!-- Grille principale -->\n        <div class=\"grid lg:grid-cols-2 gap-12 items-center\">\n            <!-- Visualisation de carte -->\n            <div class=\"relative\">\n                <div class=\"relative w-full aspect-[4\/3] bg-white rounded-2xl shadow-2xl overflow-hidden border-2 border-[#3BB4E5]\">\n                    <!-- Bande d\u00e9corative -->\n                    <div class=\"absolute top-8 left-0 right-0 h-16 bg-gradient-to-r from-[#3BB4E5] to-[#F7941D]\"><\/div>\n                    \n                    <!-- \u00c9l\u00e9ments de la carte -->\n                    <div class=\"absolute inset-0 p-8\">\n                        <div class=\"grid grid-cols-2 gap-4 h-full\">\n                            <div class=\"space-y-4 relative z-10\">\n                                <div class=\"h-8 w-24 bg-gray-200 rounded\"><\/div>\n                                <div class=\"h-32 w-32 bg-gray-200 rounded-lg border-2 border-[#F7941D]\"><\/div>\n                                <div class=\"h-4 w-36 bg-gray-200 rounded\"><\/div>\n                            <\/div>\n                            <div class=\"space-y-4 relative z-10\">\n                                <div class=\"h-24 w-full bg-gray-100 rounded\"><\/div>\n                                <div class=\"h-8 w-3\/4 bg-gray-100 rounded\"><\/div>\n                                <div class=\"h-16 w-full bg-gray-100 rounded\"><\/div>\n                            <\/div>\n                        <\/div>\n                    <\/div>\n                <\/div>\n\n                <!-- Logo Excelis stylis\u00e9 en arri\u00e8re-plan -->\n                <div class=\"absolute -bottom-8 -right-8 w-48 h-48 opacity-10\">\n                    <div class=\"w-full h-full bg-[#3BB4E5] transform rotate-45\"><\/div>\n                    <div class=\"absolute top-1\/2 left-1\/2 w-full h-4 bg-[#F7941D] transform -translate-x-1\/2 -translate-y-1\/2 rotate-45\"><\/div>\n                <\/div>\n            <\/div>\n\n            <!-- Caract\u00e9ristiques -->\n            <div class=\"space-y-6\">\n                <div class=\"bg-white rounded-xl p-6 shadow-lg border-l-4 border-[#3BB4E5] hover:translate-x-2 transition-transform\">\n                    <div class=\"flex items-center gap-4\">\n                        <div class=\"w-12 h-12 bg-[#3BB4E5]\/10 rounded-lg flex items-center justify-center\">\n                            <svg class=\"w-6 h-6 text-[#3BB4E5]\" fill=\"none\" stroke=\"currentColor\" viewbox=\"0 0 24 24\">\n                                <path stroke-linecap=\"round\" stroke-linejoin=\"round\" stroke-width=\"2\" d=\"M12 15v2m-6 4h12a2 2 0 002-2v-6a2 2 0 00-2-2H6a2 2 0 00-2 2v6a2 2 0 002 2zm10-10V7a4 4 0 00-8 0v4h8z\"\/>\n                            <\/svg>\n                        <\/div>\n                        <h3 class=\"text-xl font-semibold text-gray-800\">Des cartes r\u00e9sistantes \u00e0 la contrefa\u00e7on et prot\u00e9geant les identit\u00e9s<\/h3>\n                    <\/div>\n                <\/div>\n\n                <div class=\"bg-white rounded-xl p-6 shadow-lg border-l-4 border-[#F7941D] hover:translate-x-2 transition-transform\">\n                    <div class=\"flex items-center gap-4\">\n                        <div class=\"w-12 h-12 bg-[#F7941D]\/10 rounded-lg flex items-center justify-center\">\n                            <svg class=\"w-6 h-6 text-[#F7941D]\" fill=\"none\" stroke=\"currentColor\" viewbox=\"0 0 24 24\">\n                                <path stroke-linecap=\"round\" stroke-linejoin=\"round\" stroke-width=\"2\" d=\"M9 12l2 2 4-4m5.618-4.016A11.955 11.955 0 0112 2.944a11.955 11.955 0 01-8.618 3.04A12.02 12.02 0 003 9c0 5.591 3.824 10.29 9 11.622 5.176-1.332 9-6.03 9-11.622 0-1.042-.133-2.052-.382-3.016z\"\/>\n                            <\/svg>\n                        <\/div>\n                        <h3 class=\"text-xl font-semibold text-gray-800\">Une identification forte et unique<\/h3>\n                    <\/div>\n                <\/div>\n\n                <div class=\"bg-white rounded-xl p-6 shadow-lg border-l-4 border-[#3BB4E5] hover:translate-x-2 transition-transform\">\n                    <div class=\"flex items-center gap-4\">\n                        <div class=\"w-12 h-12 bg-[#3BB4E5]\/10 rounded-lg flex items-center justify-center\">\n                            <svg class=\"w-6 h-6 text-[#3BB4E5]\" fill=\"none\" stroke=\"currentColor\" viewbox=\"0 0 24 24\">\n                                <path stroke-linecap=\"round\" stroke-linejoin=\"round\" stroke-width=\"2\" d=\"M9 3v2m6-2v2M9 19v2m6-2v2M5 9H3m2 6H3m18-6h-2m2 6h-2M7 19h10a2 2 0 002-2V7a2 2 0 00-2-2H7a2 2 0 00-2 2v10a2 2 0 002 2zM9 9h6v6H9V9z\"\/>\n                            <\/svg>\n                        <\/div>\n                        <h3 class=\"text-xl font-semibold text-gray-800\">Facilit\u00e9 des services digitaux gr\u00e2ce au pont entre les documents physiques fiables \u00e0 l'identification num\u00e9rique<\/h3>\n                    <\/div>\n                <\/div>\n            <\/div>\n        <\/div>\n    <\/div>\n<\/section>\t\t\t\t<\/div>\n\t\t\t\t<\/div>\n\t\t\t\t<\/div>\n\t\t\t\t<\/div>","protected":false},"excerpt":{"rendered":"<p>S\u00e9curit\u00e9 avanc\u00e9e Cartes d&rsquo;identification Des solutions d&rsquo;identification fiables et innovantes pour les organisations et gouvernements, avec des standards de s\u00e9curit\u00e9 de pointe. Anti-contrefa\u00e7on Protection avanc\u00e9e contre la falsification et la reproduction ill\u00e9gale V\u00e9rification biom\u00e9trique Identification unique et infalsifiable des porteurs Cartes d&rsquo;identification Excelis propose des cartes d&rsquo;identification fiables ainsi que des solutions compl\u00e8tes de gestion [&hellip;]<\/p>","protected":false},"author":1,"featured_media":0,"parent":0,"menu_order":0,"comment_status":"closed","ping_status":"closed","template":"","meta":{"site-sidebar-layout":"no-sidebar","site-content-layout":"page-builder","ast-site-content-layout":"full-width-container","site-content-style":"default","site-sidebar-style":"default","ast-global-header-display":"","ast-banner-title-visibility":"","ast-main-header-display":"","ast-hfb-above-header-display":"","ast-hfb-below-header-display":"","ast-hfb-mobile-header-display":"","site-post-title":"disabled","ast-breadcrumbs-content":"","ast-featured-img":"disabled","footer-sml-layout":"","theme-transparent-header-meta":"","adv-header-id-meta":"","stick-header-meta":"","header-above-stick-meta":"","header-main-stick-meta":"","header-below-stick-meta":"","astra-migrate-meta-layouts":"set","ast-page-background-enabled":"default","ast-page-background-meta":{"desktop":{"background-color":"","background-image":"","background-repeat":"repeat","background-position":"center center","background-size":"auto","background-attachment":"scroll","background-type":"","background-media":"","overlay-type":"","overlay-color":"","overlay-opacity":"","overlay-gradient":""},"tablet":{"background-color":"","background-image":"","background-repeat":"repeat","background-position":"center center","background-size":"auto","background-attachment":"scroll","background-type":"","background-media":"","overlay-type":"","overlay-color":"","overlay-opacity":"","overlay-gradient":""},"mobile":{"background-color":"","background-image":"","background-repeat":"repeat","background-position":"center center","background-size":"auto","background-attachment":"scroll","background-type":"","background-media":"","overlay-type":"","overlay-color":"","overlay-opacity":"","overlay-gradient":""}},"ast-content-background-meta":{"desktop":{"background-color":"var(--ast-global-color-5)","background-image":"","background-repeat":"repeat","background-position":"center center","background-size":"auto","background-attachment":"scroll","background-type":"","background-media":"","overlay-type":"","overlay-color":"","overlay-opacity":"","overlay-gradient":""},"tablet":{"background-color":"var(--ast-global-color-5)","background-image":"","background-repeat":"repeat","background-position":"center center","background-size":"auto","background-attachment":"scroll","background-type":"","background-media":"","overlay-type":"","overlay-color":"","overlay-opacity":"","overlay-gradient":""},"mobile":{"background-color":"var(--ast-global-color-5)","background-image":"","background-repeat":"repeat","background-position":"center center","background-size":"auto","background-attachment":"scroll","background-type":"","background-media":"","overlay-type":"","overlay-color":"","overlay-opacity":"","overlay-gradient":""}},"footnotes":""},"class_list":["post-2968","page","type-page","status-publish","hentry"],"yoast_head":"<!-- This site is optimized with the Yoast SEO plugin v26.8 - https:\/\/yoast.com\/product\/yoast-seo-wordpress\/ -->\n<title>Cartes d&#039;identification - Excelis<\/title>\n<meta name=\"robots\" content=\"index, follow, max-snippet:-1, max-image-preview:large, max-video-preview:-1\" \/>\n<link rel=\"canonical\" href=\"https:\/\/excelis-sa.com\/en\/cartes-didentification\/\" \/>\n<meta property=\"og:locale\" content=\"en_US\" \/>\n<meta property=\"og:type\" content=\"article\" \/>\n<meta property=\"og:title\" content=\"Cartes d&#039;identification - Excelis\" \/>\n<meta property=\"og:description\" content=\"S\u00e9curit\u00e9 avanc\u00e9e Cartes d&rsquo;identification Des solutions d&rsquo;identification fiables et innovantes pour les organisations et gouvernements, avec des standards de s\u00e9curit\u00e9 de pointe. Anti-contrefa\u00e7on Protection avanc\u00e9e contre la falsification et la reproduction ill\u00e9gale V\u00e9rification biom\u00e9trique Identification unique et infalsifiable des porteurs Cartes d&rsquo;identification Excelis propose des cartes d&rsquo;identification fiables ainsi que des solutions compl\u00e8tes de gestion [&hellip;]\" \/>\n<meta property=\"og:url\" content=\"https:\/\/excelis-sa.com\/en\/cartes-didentification\/\" \/>\n<meta property=\"og:site_name\" content=\"Excelis\" \/>\n<meta property=\"article:modified_time\" content=\"2025-02-05T20:35:16+00:00\" \/>\n<meta name=\"twitter:card\" content=\"summary_large_image\" \/>\n<meta name=\"twitter:label1\" content=\"Est. reading time\" \/>\n\t<meta name=\"twitter:data1\" content=\"1 minute\" \/>\n<script type=\"application\/ld+json\" class=\"yoast-schema-graph\">{\"@context\":\"https:\/\/schema.org\",\"@graph\":[{\"@type\":\"WebPage\",\"@id\":\"https:\/\/excelis-sa.com\/cartes-didentification\/\",\"url\":\"https:\/\/excelis-sa.com\/cartes-didentification\/\",\"name\":\"Cartes d'identification - Excelis\",\"isPartOf\":{\"@id\":\"https:\/\/excelis-sa.com\/#website\"},\"datePublished\":\"2025-02-05T20:13:54+00:00\",\"dateModified\":\"2025-02-05T20:35:16+00:00\",\"breadcrumb\":{\"@id\":\"https:\/\/excelis-sa.com\/cartes-didentification\/#breadcrumb\"},\"inLanguage\":\"en-US\",\"potentialAction\":[{\"@type\":\"ReadAction\",\"target\":[\"https:\/\/excelis-sa.com\/cartes-didentification\/\"]}]},{\"@type\":\"BreadcrumbList\",\"@id\":\"https:\/\/excelis-sa.com\/cartes-didentification\/#breadcrumb\",\"itemListElement\":[{\"@type\":\"ListItem\",\"position\":1,\"name\":\"Home\",\"item\":\"https:\/\/excelis-sa.com\/\"},{\"@type\":\"ListItem\",\"position\":2,\"name\":\"Cartes d&rsquo;identification\"}]},{\"@type\":\"WebSite\",\"@id\":\"https:\/\/excelis-sa.com\/#website\",\"url\":\"https:\/\/excelis-sa.com\/\",\"name\":\"Excelis\",\"description\":\"\",\"publisher\":{\"@id\":\"https:\/\/excelis-sa.com\/#organization\"},\"potentialAction\":[{\"@type\":\"SearchAction\",\"target\":{\"@type\":\"EntryPoint\",\"urlTemplate\":\"https:\/\/excelis-sa.com\/?s={search_term_string}\"},\"query-input\":{\"@type\":\"PropertyValueSpecification\",\"valueRequired\":true,\"valueName\":\"search_term_string\"}}],\"inLanguage\":\"en-US\"},{\"@type\":\"Organization\",\"@id\":\"https:\/\/excelis-sa.com\/#organization\",\"name\":\"Excelis\",\"url\":\"https:\/\/excelis-sa.com\/\",\"logo\":{\"@type\":\"ImageObject\",\"inLanguage\":\"en-US\",\"@id\":\"https:\/\/excelis-sa.com\/#\/schema\/logo\/image\/\",\"url\":\"https:\/\/excelis-sa.com\/wp-content\/uploads\/2025\/01\/Logo-sans-slogan-1-scaled.jpg\",\"contentUrl\":\"https:\/\/excelis-sa.com\/wp-content\/uploads\/2025\/01\/Logo-sans-slogan-1-scaled.jpg\",\"width\":2560,\"height\":547,\"caption\":\"Excelis\"},\"image\":{\"@id\":\"https:\/\/excelis-sa.com\/#\/schema\/logo\/image\/\"}}]}<\/script>\n<!-- \/ Yoast SEO plugin. -->","yoast_head_json":{"title":"Cartes d'identification - Excelis","robots":{"index":"index","follow":"follow","max-snippet":"max-snippet:-1","max-image-preview":"max-image-preview:large","max-video-preview":"max-video-preview:-1"},"canonical":"https:\/\/excelis-sa.com\/en\/cartes-didentification\/","og_locale":"en_US","og_type":"article","og_title":"Cartes d'identification - Excelis","og_description":"S\u00e9curit\u00e9 avanc\u00e9e Cartes d&rsquo;identification Des solutions d&rsquo;identification fiables et innovantes pour les organisations et gouvernements, avec des standards de s\u00e9curit\u00e9 de pointe. Anti-contrefa\u00e7on Protection avanc\u00e9e contre la falsification et la reproduction ill\u00e9gale V\u00e9rification biom\u00e9trique Identification unique et infalsifiable des porteurs Cartes d&rsquo;identification Excelis propose des cartes d&rsquo;identification fiables ainsi que des solutions compl\u00e8tes de gestion [&hellip;]","og_url":"https:\/\/excelis-sa.com\/en\/cartes-didentification\/","og_site_name":"Excelis","article_modified_time":"2025-02-05T20:35:16+00:00","twitter_card":"summary_large_image","twitter_misc":{"Est. reading time":"1 minute"},"schema":{"@context":"https:\/\/schema.org","@graph":[{"@type":"WebPage","@id":"https:\/\/excelis-sa.com\/cartes-didentification\/","url":"https:\/\/excelis-sa.com\/cartes-didentification\/","name":"Cartes d'identification - Excelis","isPartOf":{"@id":"https:\/\/excelis-sa.com\/#website"},"datePublished":"2025-02-05T20:13:54+00:00","dateModified":"2025-02-05T20:35:16+00:00","breadcrumb":{"@id":"https:\/\/excelis-sa.com\/cartes-didentification\/#breadcrumb"},"inLanguage":"en-US","potentialAction":[{"@type":"ReadAction","target":["https:\/\/excelis-sa.com\/cartes-didentification\/"]}]},{"@type":"BreadcrumbList","@id":"https:\/\/excelis-sa.com\/cartes-didentification\/#breadcrumb","itemListElement":[{"@type":"ListItem","position":1,"name":"Home","item":"https:\/\/excelis-sa.com\/"},{"@type":"ListItem","position":2,"name":"Cartes d&rsquo;identification"}]},{"@type":"WebSite","@id":"https:\/\/excelis-sa.com\/#website","url":"https:\/\/excelis-sa.com\/","name":"Excelis","description":"","publisher":{"@id":"https:\/\/excelis-sa.com\/#organization"},"potentialAction":[{"@type":"SearchAction","target":{"@type":"EntryPoint","urlTemplate":"https:\/\/excelis-sa.com\/?s={search_term_string}"},"query-input":{"@type":"PropertyValueSpecification","valueRequired":true,"valueName":"search_term_string"}}],"inLanguage":"en-US"},{"@type":"Organization","@id":"https:\/\/excelis-sa.com\/#organization","name":"Excelis","url":"https:\/\/excelis-sa.com\/","logo":{"@type":"ImageObject","inLanguage":"en-US","@id":"https:\/\/excelis-sa.com\/#\/schema\/logo\/image\/","url":"https:\/\/excelis-sa.com\/wp-content\/uploads\/2025\/01\/Logo-sans-slogan-1-scaled.jpg","contentUrl":"https:\/\/excelis-sa.com\/wp-content\/uploads\/2025\/01\/Logo-sans-slogan-1-scaled.jpg","width":2560,"height":547,"caption":"Excelis"},"image":{"@id":"https:\/\/excelis-sa.com\/#\/schema\/logo\/image\/"}}]}},"_links":{"self":[{"href":"https:\/\/excelis-sa.com\/en\/wp-json\/wp\/v2\/pages\/2968","targetHints":{"allow":["GET"]}}],"collection":[{"href":"https:\/\/excelis-sa.com\/en\/wp-json\/wp\/v2\/pages"}],"about":[{"href":"https:\/\/excelis-sa.com\/en\/wp-json\/wp\/v2\/types\/page"}],"author":[{"embeddable":true,"href":"https:\/\/excelis-sa.com\/en\/wp-json\/wp\/v2\/users\/1"}],"replies":[{"embeddable":true,"href":"https:\/\/excelis-sa.com\/en\/wp-json\/wp\/v2\/comments?post=2968"}],"version-history":[{"count":0,"href":"https:\/\/excelis-sa.com\/en\/wp-json\/wp\/v2\/pages\/2968\/revisions"}],"wp:attachment":[{"href":"https:\/\/excelis-sa.com\/en\/wp-json\/wp\/v2\/media?parent=2968"}],"curies":[{"name":"wp","href":"https:\/\/api.w.org\/{rel}","templated":true}]}}