{"id":2973,"date":"2025-02-05T20:19:27","date_gmt":"2025-02-05T20:19:27","guid":{"rendered":"https:\/\/excelis-sa.com\/?page_id=2973"},"modified":"2025-03-14T08:21:31","modified_gmt":"2025-03-14T08:21:31","slug":"nos-formations","status":"publish","type":"page","link":"https:\/\/excelis-sa.com\/en\/nos-formations\/","title":{"rendered":"Nos Formations"},"content":{"rendered":"<div data-elementor-type=\"wp-page\" data-elementor-id=\"2973\" class=\"elementor elementor-2973\">\n\t\t\t\t<div class=\"elementor-element elementor-element-400b007 e-con-full e-flex e-con e-parent\" data-id=\"400b007\" data-element_type=\"container\">\n\t\t\t\t<div class=\"elementor-element elementor-element-1397894 elementor-widget elementor-widget-html\" data-id=\"1397894\" data-element_type=\"widget\" data-widget_type=\"html.default\">\n\t\t\t\t<div class=\"elementor-widget-container\">\n\t\t\t\t\t<section class=\"relative bg-slate-100 overflow-hidden\">\n    <!-- Motif de fond avec effet de profondeur -->\n    <div class=\"absolute inset-0\">\n        <div class=\"absolute inset-0 bg-gradient-to-br from-slate-100 via-white to-slate-100\"><\/div>\n        <div class=\"absolute inset-0\" style=\"background-image: linear-gradient(#3BB4E5 0.5px, transparent 0.5px), linear-gradient(90deg, #3BB4E5 0.5px, transparent 0.5px); background-size: 50px 50px; opacity: 0.15;\"><\/div>\n    <\/div>\n\n    <!-- Effet de lumi\u00e8re - Ajust\u00e9s pour \u00eatre responsive -->\n    <div class=\"absolute top-0 left-1\/2 -translate-x-1\/2 w-3\/4 md:w-1\/2 h-1\/3 md:h-1\/2 bg-[#3BB4E5]\/20 rounded-full blur-3xl\"><\/div>\n    <div class=\"absolute bottom-0 right-0 w-3\/4 md:w-1\/2 h-1\/3 md:h-1\/2 bg-[#F7941D]\/20 rounded-full blur-3xl\"><\/div>\n\n    <!-- Contenu principal -->\n    <div class=\"relative container mx-auto px-4 sm:px-6 py-8 md:py-16\">\n        <div class=\"grid md:grid-cols-1 lg:grid-cols-2 gap-8 md:gap-12 lg:gap-16 items-center\">\n            <!-- Contenu texte -->\n            <div class=\"space-y-6 md:space-y-8\">\n                <div class=\"inline-flex items-center space-x-2 bg-white backdrop-blur px-3 py-1.5 sm:px-4 sm:py-2 rounded-full border border-slate-200 shadow-sm\">\n                    <svg class=\"w-4 h-4 sm:w-5 sm:h-5 text-[#3BB4E5]\" fill=\"none\" stroke=\"currentColor\" viewbox=\"0 0 24 24\">\n                        <path stroke-linecap=\"round\" stroke-linejoin=\"round\" stroke-width=\"2\" d=\"M12 6.253v13m0-13C10.832 5.477 9.246 5 7.5 5S4.168 5.477 3 6.253v13C4.168 18.477 5.754 18 7.5 18s3.332.477 4.5 1.253m0-13C13.168 5.477 14.754 5 16.5 5c1.747 0 3.332.477 4.5 1.253v13C19.832 18.477 18.247 18 16.5 18c-1.746 0-3.332.477-4.5 1.253\"\/>\n                    <\/svg>\n                    <span class=\"text-[#3BB4E5] text-sm sm:text-base font-medium\">Formation Professionnelle<\/span>\n                <\/div>\n\n                <div class=\"space-y-3 md:space-y-4\">\n                    <h1 class=\"text-3xl sm:text-4xl md:text-5xl lg:text-6xl font-bold\">\n                        <span class=\"text-slate-800\">Nos<\/span>\n                        <div class=\"relative inline-block mt-1 md:mt-2\">\n                            <span class=\"relative z-10 bg-gradient-to-r from-[#3BB4E5] to-[#F7941D] text-transparent bg-clip-text\">Formations<\/span>\n                            <div class=\"absolute -bottom-1 md:-bottom-2 left-0 w-full h-0.5 md:h-1 bg-gradient-to-r from-[#3BB4E5] to-[#F7941D] transform skew-x-12\"><\/div>\n                        <\/div>\n                        <span class=\"text-slate-800\"><\/span>\n                    <\/h1>\n                    <p class=\"text-base sm:text-lg md:text-xl text-slate-600 leading-relaxed\">\n                        D\u00e9couvrez nos formations de haut niveau en technologie num\u00e9rique et transformation digitale. Une expertise reconnue pour propulser votre carri\u00e8re.\n                    <\/p>\n                <\/div>\n\n                \n            <\/div>\n\n            <!-- Partie visuelle - Am\u00e9lior\u00e9e pour \u00eatre responsive -->\n            <div class=\"relative h-[300px] sm:h-[400px] md:h-[500px] lg:h-[600px] mt-8 lg:mt-0\">\n                <!-- Cercle lumineux -->\n                <div class=\"absolute inset-0\">\n                    <div class=\"absolute top-1\/2 left-1\/2 -translate-x-1\/2 -translate-y-1\/2 w-48 sm:w-56 md:w-64 lg:w-72 h-48 sm:h-56 md:h-64 lg:h-72 bg-[#3BB4E5]\/20 rounded-full blur-2xl\"><\/div>\n                <\/div>\n\n                <!-- Cartes flottantes -->\n                <div class=\"relative w-full h-full\">\n                    <!-- Carte principale -->\n                    <div class=\"absolute top-1\/2 left-1\/2 transform -translate-x-1\/2 -translate-y-1\/2 w-64 sm:w-72 md:w-80 bg-white backdrop-blur-xl rounded-2xl p-4 sm:p-6 shadow-lg border border-slate-200 hover:-translate-y-2 transition-transform duration-300\">\n                        <div class=\"flex items-center gap-3 sm:gap-4 mb-4 sm:mb-6\">\n                            <div class=\"w-10 h-10 sm:w-12 sm:h-12 rounded-xl bg-gradient-to-br from-[#3BB4E5] to-[#F7941D] p-0.5\">\n                                <div class=\"w-full h-full bg-white rounded-[10px] flex items-center justify-center\">\n                                    <svg class=\"w-5 h-5 sm:w-6 sm:h-6 text-[#3BB4E5]\" fill=\"none\" stroke=\"currentColor\" viewbox=\"0 0 24 24\">\n                                        <path stroke-linecap=\"round\" stroke-linejoin=\"round\" stroke-width=\"2\" d=\"M9.75 17L9 20l-1 1h8l-1-1-.75-3M3 13h18M5 17h14a2 2 0 002-2V5a2 2 0 00-2-2H5a2 2 0 00-2 2v10a2 2 0 002 2z\"\/>\n                                    <\/svg>\n                                <\/div>\n                            <\/div>\n                            <div class=\"flex-1\">\n                                <div class=\"h-2 w-20 sm:w-24 bg-slate-200 rounded mb-2\"><\/div>\n                                <div class=\"h-2 w-12 sm:w-16 bg-slate-100 rounded\"><\/div>\n                            <\/div>\n                        <\/div>\n                        <div class=\"space-y-2 sm:space-y-3\">\n                            <div class=\"h-2 w-full bg-slate-100 rounded\"><\/div>\n                            <div class=\"h-2 w-4\/5 bg-slate-100 rounded\"><\/div>\n                            <div class=\"h-2 w-3\/4 bg-slate-100 rounded\"><\/div>\n                        <\/div>\n                    <\/div>\n\n                    <!-- Cartes d'arri\u00e8re-plan - Ajust\u00e9es pour \u00eatre responsive -->\n                    <div class=\"absolute top-12 sm:top-16 md:top-20 right-4 sm:right-8 md:right-10 w-40 sm:w-48 md:w-56 lg:w-64 h-32 sm:h-36 md:h-40 lg:h-48 bg-white\/80 rounded-2xl transform rotate-12 border border-slate-200 shadow-md hidden sm:block\"><\/div>\n                    <div class=\"absolute bottom-12 sm:bottom-16 md:bottom-20 left-4 sm:left-8 md:left-10 w-40 sm:w-48 md:w-56 lg:w-64 h-32 sm:h-36 md:h-40 lg:h-48 bg-white\/80 rounded-2xl transform -rotate-12 border border-slate-200 shadow-md hidden sm:block\"><\/div>\n                <\/div>\n            <\/div>\n        <\/div>\n    <\/div>\n<\/section>\t\t\t\t<\/div>\n\t\t\t\t<\/div>\n\t\t\t\t<\/div>\n\t\t<div class=\"elementor-element elementor-element-ea33cd4 e-con-full e-flex e-con e-parent\" data-id=\"ea33cd4\" data-element_type=\"container\">\n\t\t\t\t<div class=\"elementor-element elementor-element-e15a804 elementor-widget elementor-widget-html\" data-id=\"e15a804\" data-element_type=\"widget\" data-widget_type=\"html.default\">\n\t\t\t\t<div class=\"elementor-widget-container\">\n\t\t\t\t\t<section class=\"flex justify-center items-center space-x-4 p-4\">\n    <a href=\"https:\/\/excelis-sa.com\/wp-content\/uploads\/2025\/02\/Catalogue-Formation-2025.pdf\" class=\"px-6 py-3 bg-sky-400 text-white font-bold rounded hover:bg-sky-500 transition-colors duration-200 transform hover:-translate-y-1 shadow-lg\">\n        Catalogue de formation 2025\n    <\/a>\n    <a href=\"https:\/\/excelis-sa.com\/wp-content\/uploads\/2025\/02\/Plaquettes-Formation-EXCELIS-29012025.pdf\" class=\"px-6 py-3 bg-orange-400 text-white font-bold rounded hover:bg-orange-500 transition-colors duration-200 transform hover:-translate-y-1 shadow-lg\">\n        Plaquettes \u2013 Formation 2025\n    <\/a>\n<\/section>\t\t\t\t<\/div>\n\t\t\t\t<\/div>\n\t\t\t\t<\/div>\n\t\t<div class=\"elementor-element elementor-element-edb056a e-con-full e-flex e-con e-parent\" data-id=\"edb056a\" data-element_type=\"container\">\n\t\t\t\t<div class=\"elementor-element elementor-element-c5bb366 elementor-widget elementor-widget-html\" data-id=\"c5bb366\" data-element_type=\"widget\" data-widget_type=\"html.default\">\n\t\t\t\t<div class=\"elementor-widget-container\">\n\t\t\t\t\t<section class=\"py-24 relative bg-gradient-to-br from-white to-gray-50\">\n   <!-- Motif de fond -->\n   <div class=\"absolute inset-0 opacity-5\">\n       <svg width=\"100%\" height=\"100%\">\n           <pattern id=\"dots\" x=\"0\" y=\"0\" width=\"20\" height=\"20\" patternunits=\"userSpaceOnUse\">\n               <circle cx=\"10\" cy=\"10\" r=\"1\" fill=\"#3BB4E5\"\/>\n           <\/pattern>\n           <rect x=\"0\" y=\"0\" width=\"100%\" height=\"100%\" fill=\"url(#dots)\"\/>\n       <\/svg>\n   <\/div>\n\n   <div class=\"container mx-auto px-4 relative\">\n       <!-- En-t\u00eate -->\n       <div class=\"max-w-4xl mx-auto text-center mb-16\">\n          \n           <p class=\"text-gray-600 text-lg leading-relaxed mb-6\">\n               EXCELIS-SA offre des formations adapt\u00e9es aux professionnels et aux passionn\u00e9s des technologies du num\u00e9rique et de la transformation digitale des organisations.\n           <\/p>\n           <p class=\"text-gray-600 text-lg leading-relaxed\">\n               \u00c0 une \u00e9poque o\u00f9 la formation est une donne essentielle pour la performance de l'entreprise moderne, notre ambition est d'accompagner le monde \u00e9conomique africain dans son processus d'innovation avec des \u00e9quipes performantes, ciment de toute organisation.\n           <\/p>\n       <\/div>\n\n       <!-- Les types de formation -->\n       <div class=\"grid md:grid-cols-3 gap-8 mb-16\">\n           <!-- Pr\u00e9sentiel -->\n           <div class=\"bg-white rounded-2xl shadow-lg overflow-hidden group hover:shadow-2xl transition-shadow duration-500\">\n               <div class=\"h-2 bg-[#3BB4E5]\"><\/div>\n               <div class=\"p-8\">\n                   <div class=\"w-16 h-16 bg-[#3BB4E5]\/10 rounded-2xl mb-6 flex items-center justify-center group-hover:scale-110 transition-transform duration-300\">\n                       <svg class=\"w-8 h-8 text-[#3BB4E5]\" fill=\"none\" stroke=\"currentColor\" viewbox=\"0 0 24 24\">\n                           <path stroke-linecap=\"round\" stroke-linejoin=\"round\" stroke-width=\"2\" d=\"M19 20H5a2 2 0 01-2-2V6a2 2 0 012-2h10a2 2 0 012 2v1m2 13a2 2 0 01-2-2V7m2 13a2 2 0 002-2V9.5a2.5 2.5 0 00-2.5-2.5H14\"\/>\n                       <\/svg>\n                   <\/div>\n                   <h3 class=\"text-2xl font-bold text-gray-800 mb-4\">Pr\u00e9sentiel<\/h3>\n                   <p class=\"text-gray-600\">Ce sont des formations carte de tr\u00e8s haut niveau avec des formateurs certifi\u00e9s en pr\u00e9sentiel, dans un cadre propice et agr\u00e9able pouvant r\u00e9unir des talents de divers horizons.<\/p>\n               <\/div>\n           <\/div>\n\n           <!-- En ligne -->\n           <div class=\"bg-white rounded-2xl shadow-lg overflow-hidden group hover:shadow-2xl transition-shadow duration-500\">\n               <div class=\"h-2 bg-[#F7941D]\"><\/div>\n               <div class=\"p-8\">\n                   <div class=\"w-16 h-16 bg-[#F7941D]\/10 rounded-2xl mb-6 flex items-center justify-center group-hover:scale-110 transition-transform duration-300\">\n                       <svg class=\"w-8 h-8 text-[#F7941D]\" fill=\"none\" stroke=\"currentColor\" viewbox=\"0 0 24 24\">\n                           <path stroke-linecap=\"round\" stroke-linejoin=\"round\" stroke-width=\"2\" d=\"M5 12h14M5 12a2 2 0 01-2-2V6a2 2 0 012-2h14a2 2 0 012 2v4a2 2 0 01-2 2M5 12a2 2 0 00-2 2v4a2 2 0 002 2h14a2 2 0 002-2v-4a2 2 0 00-2-2m-2-4h.01M17 16h.01\"\/>\n                       <\/svg>\n                   <\/div>\n                   <h3 class=\"text-2xl font-bold text-gray-800 mb-4\">En ligne<\/h3>\n                   <p class=\"text-gray-600\">Il s'agit d'offres de formation destin\u00e9es \u00e0 des acteurs sp\u00e9cifiques leur permettant d'allier les contraintes professionnelles et les besoins pratiques de formation.<\/p>\n               <\/div>\n           <\/div>\n\n           <!-- A la carte -->\n           <div class=\"bg-white rounded-2xl shadow-lg overflow-hidden group hover:shadow-2xl transition-shadow duration-500\">\n               <div class=\"h-2 bg-[#3BB4E5]\"><\/div>\n               <div class=\"p-8\">\n                   <div class=\"w-16 h-16 bg-[#3BB4E5]\/10 rounded-2xl mb-6 flex items-center justify-center group-hover:scale-110 transition-transform duration-300\">\n                       <svg class=\"w-8 h-8 text-[#3BB4E5]\" fill=\"none\" stroke=\"currentColor\" viewbox=\"0 0 24 24\">\n                           <path stroke-linecap=\"round\" stroke-linejoin=\"round\" stroke-width=\"2\" d=\"M12 6V4m0 2a2 2 0 100 4m0-4a2 2 0 110 4m-6 8a2 2 0 100-4m0 4a2 2 0 110-4m0 4v2m0-6V4m6 6v10m6-2a2 2 0 100-4m0 4a2 2 0 110-4m0 4v2m0-6V4\"\/>\n                       <\/svg>\n                   <\/div>\n                   <h3 class=\"text-2xl font-bold text-gray-800 mb-4\">A la carte<\/h3>\n                   <p class=\"text-gray-600\">Nos formations peuvent \u00e9galement se d\u00e9rouler \u00e0 la carte, car nous nous ajustons selon la disponibilit\u00e9 de nos partenaires et clients. Dites-nous quelles sont vos disponibilit\u00e9s et nous nous ajustons pour vous servir.<\/p>\n               <\/div>\n           <\/div>\n       <\/div>\n\n       <!-- Citation finale -->\n       <div class=\"max-w-3xl mx-auto bg-white rounded-2xl shadow-lg p-8 relative\">\n           <div class=\"absolute -top-4 -left-4 w-12 h-12 bg-[#3BB4E5] rounded-full flex items-center justify-center\">\n               <svg class=\"w-6 h-6 text-white\" fill=\"currentColor\" viewbox=\"0 0 24 24\">\n                   <path d=\"M14.017 21v-7.391c0-5.704 3.731-9.57 8.983-10.609l.995 2.151c-2.432.917-3.995 3.638-3.995 5.849h4v10h-9.983zm-14.017 0v-7.391c0-5.704 3.748-9.57 9-10.609l.996 2.151c-2.433.917-3.996 3.638-3.996 5.849h3.983v10h-9.983z\"\/>\n               <\/svg>\n           <\/div>\n           <p class=\"text-gray-600 text-lg leading-relaxed text-center italic\">\n               Se former \u00e0 EXCELIS, c'est b\u00e9n\u00e9ficier des derni\u00e8res \u00e9volutions, des innovations et des bonnes pratiques dans un cadre p\u00e9dagogique optimal avec des formateurs sp\u00e9cialis\u00e9s dans leur domaine et ayant une expertise av\u00e9r\u00e9e.\n           <\/p>\n       <\/div>\n   <\/div>\n<\/section>\t\t\t\t<\/div>\n\t\t\t\t<\/div>\n\t\t\t\t<\/div>\n\t\t\t\t<\/div>","protected":false},"excerpt":{"rendered":"<p>Formation Professionnelle Nos Formations D\u00e9couvrez nos formations de haut niveau en technologie num\u00e9rique et transformation digitale. Une expertise reconnue pour propulser votre carri\u00e8re. Catalogue de formation 2025 Plaquettes \u2013 Formation 2025 EXCELIS-SA offre des formations adapt\u00e9es aux professionnels et aux passionn\u00e9s des technologies du num\u00e9rique et de la transformation digitale des organisations. \u00c0 une \u00e9poque [&hellip;]<\/p>","protected":false},"author":1,"featured_media":0,"parent":0,"menu_order":0,"comment_status":"closed","ping_status":"closed","template":"","meta":{"site-sidebar-layout":"no-sidebar","site-content-layout":"page-builder","ast-site-content-layout":"full-width-container","site-content-style":"default","site-sidebar-style":"default","ast-global-header-display":"","ast-banner-title-visibility":"","ast-main-header-display":"","ast-hfb-above-header-display":"","ast-hfb-below-header-display":"","ast-hfb-mobile-header-display":"","site-post-title":"disabled","ast-breadcrumbs-content":"","ast-featured-img":"disabled","footer-sml-layout":"","theme-transparent-header-meta":"","adv-header-id-meta":"","stick-header-meta":"","header-above-stick-meta":"","header-main-stick-meta":"","header-below-stick-meta":"","astra-migrate-meta-layouts":"set","ast-page-background-enabled":"default","ast-page-background-meta":{"desktop":{"background-color":"","background-image":"","background-repeat":"repeat","background-position":"center center","background-size":"auto","background-attachment":"scroll","background-type":"","background-media":"","overlay-type":"","overlay-color":"","overlay-opacity":"","overlay-gradient":""},"tablet":{"background-color":"","background-image":"","background-repeat":"repeat","background-position":"center center","background-size":"auto","background-attachment":"scroll","background-type":"","background-media":"","overlay-type":"","overlay-color":"","overlay-opacity":"","overlay-gradient":""},"mobile":{"background-color":"","background-image":"","background-repeat":"repeat","background-position":"center center","background-size":"auto","background-attachment":"scroll","background-type":"","background-media":"","overlay-type":"","overlay-color":"","overlay-opacity":"","overlay-gradient":""}},"ast-content-background-meta":{"desktop":{"background-color":"var(--ast-global-color-5)","background-image":"","background-repeat":"repeat","background-position":"center center","background-size":"auto","background-attachment":"scroll","background-type":"","background-media":"","overlay-type":"","overlay-color":"","overlay-opacity":"","overlay-gradient":""},"tablet":{"background-color":"var(--ast-global-color-5)","background-image":"","background-repeat":"repeat","background-position":"center center","background-size":"auto","background-attachment":"scroll","background-type":"","background-media":"","overlay-type":"","overlay-color":"","overlay-opacity":"","overlay-gradient":""},"mobile":{"background-color":"var(--ast-global-color-5)","background-image":"","background-repeat":"repeat","background-position":"center center","background-size":"auto","background-attachment":"scroll","background-type":"","background-media":"","overlay-type":"","overlay-color":"","overlay-opacity":"","overlay-gradient":""}},"footnotes":""},"class_list":["post-2973","page","type-page","status-publish","hentry"],"yoast_head":"<!-- This site is optimized with the Yoast SEO plugin v26.8 - https:\/\/yoast.com\/product\/yoast-seo-wordpress\/ -->\n<title>Nos Formations - Excelis<\/title>\n<meta name=\"robots\" content=\"index, follow, max-snippet:-1, max-image-preview:large, max-video-preview:-1\" \/>\n<link rel=\"canonical\" href=\"https:\/\/excelis-sa.com\/en\/nos-formations\/\" \/>\n<meta property=\"og:locale\" content=\"en_US\" \/>\n<meta property=\"og:type\" content=\"article\" \/>\n<meta property=\"og:title\" content=\"Nos Formations - Excelis\" \/>\n<meta property=\"og:description\" content=\"Formation Professionnelle Nos Formations D\u00e9couvrez nos formations de haut niveau en technologie num\u00e9rique et transformation digitale. Une expertise reconnue pour propulser votre carri\u00e8re. Catalogue de formation 2025 Plaquettes \u2013 Formation 2025 EXCELIS-SA offre des formations adapt\u00e9es aux professionnels et aux passionn\u00e9s des technologies du num\u00e9rique et de la transformation digitale des organisations. \u00c0 une \u00e9poque [&hellip;]\" \/>\n<meta property=\"og:url\" content=\"https:\/\/excelis-sa.com\/en\/nos-formations\/\" \/>\n<meta property=\"og:site_name\" content=\"Excelis\" \/>\n<meta property=\"article:modified_time\" content=\"2025-03-14T08:21:31+00:00\" \/>\n<meta name=\"twitter:card\" content=\"summary_large_image\" \/>\n<meta name=\"twitter:label1\" content=\"Est. reading time\" \/>\n\t<meta name=\"twitter:data1\" content=\"1 minute\" \/>\n<script type=\"application\/ld+json\" class=\"yoast-schema-graph\">{\"@context\":\"https:\/\/schema.org\",\"@graph\":[{\"@type\":\"WebPage\",\"@id\":\"https:\/\/excelis-sa.com\/nos-formations\/\",\"url\":\"https:\/\/excelis-sa.com\/nos-formations\/\",\"name\":\"Nos Formations - Excelis\",\"isPartOf\":{\"@id\":\"https:\/\/excelis-sa.com\/#website\"},\"datePublished\":\"2025-02-05T20:19:27+00:00\",\"dateModified\":\"2025-03-14T08:21:31+00:00\",\"breadcrumb\":{\"@id\":\"https:\/\/excelis-sa.com\/nos-formations\/#breadcrumb\"},\"inLanguage\":\"en-US\",\"potentialAction\":[{\"@type\":\"ReadAction\",\"target\":[\"https:\/\/excelis-sa.com\/nos-formations\/\"]}]},{\"@type\":\"BreadcrumbList\",\"@id\":\"https:\/\/excelis-sa.com\/nos-formations\/#breadcrumb\",\"itemListElement\":[{\"@type\":\"ListItem\",\"position\":1,\"name\":\"Home\",\"item\":\"https:\/\/excelis-sa.com\/\"},{\"@type\":\"ListItem\",\"position\":2,\"name\":\"Nos Formations\"}]},{\"@type\":\"WebSite\",\"@id\":\"https:\/\/excelis-sa.com\/#website\",\"url\":\"https:\/\/excelis-sa.com\/\",\"name\":\"Excelis\",\"description\":\"\",\"publisher\":{\"@id\":\"https:\/\/excelis-sa.com\/#organization\"},\"potentialAction\":[{\"@type\":\"SearchAction\",\"target\":{\"@type\":\"EntryPoint\",\"urlTemplate\":\"https:\/\/excelis-sa.com\/?s={search_term_string}\"},\"query-input\":{\"@type\":\"PropertyValueSpecification\",\"valueRequired\":true,\"valueName\":\"search_term_string\"}}],\"inLanguage\":\"en-US\"},{\"@type\":\"Organization\",\"@id\":\"https:\/\/excelis-sa.com\/#organization\",\"name\":\"Excelis\",\"url\":\"https:\/\/excelis-sa.com\/\",\"logo\":{\"@type\":\"ImageObject\",\"inLanguage\":\"en-US\",\"@id\":\"https:\/\/excelis-sa.com\/#\/schema\/logo\/image\/\",\"url\":\"https:\/\/excelis-sa.com\/wp-content\/uploads\/2025\/01\/Logo-sans-slogan-1-scaled.jpg\",\"contentUrl\":\"https:\/\/excelis-sa.com\/wp-content\/uploads\/2025\/01\/Logo-sans-slogan-1-scaled.jpg\",\"width\":2560,\"height\":547,\"caption\":\"Excelis\"},\"image\":{\"@id\":\"https:\/\/excelis-sa.com\/#\/schema\/logo\/image\/\"}}]}<\/script>\n<!-- \/ Yoast SEO plugin. -->","yoast_head_json":{"title":"Nos Formations - Excelis","robots":{"index":"index","follow":"follow","max-snippet":"max-snippet:-1","max-image-preview":"max-image-preview:large","max-video-preview":"max-video-preview:-1"},"canonical":"https:\/\/excelis-sa.com\/en\/nos-formations\/","og_locale":"en_US","og_type":"article","og_title":"Nos Formations - Excelis","og_description":"Formation Professionnelle Nos Formations D\u00e9couvrez nos formations de haut niveau en technologie num\u00e9rique et transformation digitale. Une expertise reconnue pour propulser votre carri\u00e8re. Catalogue de formation 2025 Plaquettes \u2013 Formation 2025 EXCELIS-SA offre des formations adapt\u00e9es aux professionnels et aux passionn\u00e9s des technologies du num\u00e9rique et de la transformation digitale des organisations. \u00c0 une \u00e9poque [&hellip;]","og_url":"https:\/\/excelis-sa.com\/en\/nos-formations\/","og_site_name":"Excelis","article_modified_time":"2025-03-14T08:21:31+00:00","twitter_card":"summary_large_image","twitter_misc":{"Est. reading time":"1 minute"},"schema":{"@context":"https:\/\/schema.org","@graph":[{"@type":"WebPage","@id":"https:\/\/excelis-sa.com\/nos-formations\/","url":"https:\/\/excelis-sa.com\/nos-formations\/","name":"Nos Formations - Excelis","isPartOf":{"@id":"https:\/\/excelis-sa.com\/#website"},"datePublished":"2025-02-05T20:19:27+00:00","dateModified":"2025-03-14T08:21:31+00:00","breadcrumb":{"@id":"https:\/\/excelis-sa.com\/nos-formations\/#breadcrumb"},"inLanguage":"en-US","potentialAction":[{"@type":"ReadAction","target":["https:\/\/excelis-sa.com\/nos-formations\/"]}]},{"@type":"BreadcrumbList","@id":"https:\/\/excelis-sa.com\/nos-formations\/#breadcrumb","itemListElement":[{"@type":"ListItem","position":1,"name":"Home","item":"https:\/\/excelis-sa.com\/"},{"@type":"ListItem","position":2,"name":"Nos Formations"}]},{"@type":"WebSite","@id":"https:\/\/excelis-sa.com\/#website","url":"https:\/\/excelis-sa.com\/","name":"Excelis","description":"","publisher":{"@id":"https:\/\/excelis-sa.com\/#organization"},"potentialAction":[{"@type":"SearchAction","target":{"@type":"EntryPoint","urlTemplate":"https:\/\/excelis-sa.com\/?s={search_term_string}"},"query-input":{"@type":"PropertyValueSpecification","valueRequired":true,"valueName":"search_term_string"}}],"inLanguage":"en-US"},{"@type":"Organization","@id":"https:\/\/excelis-sa.com\/#organization","name":"Excelis","url":"https:\/\/excelis-sa.com\/","logo":{"@type":"ImageObject","inLanguage":"en-US","@id":"https:\/\/excelis-sa.com\/#\/schema\/logo\/image\/","url":"https:\/\/excelis-sa.com\/wp-content\/uploads\/2025\/01\/Logo-sans-slogan-1-scaled.jpg","contentUrl":"https:\/\/excelis-sa.com\/wp-content\/uploads\/2025\/01\/Logo-sans-slogan-1-scaled.jpg","width":2560,"height":547,"caption":"Excelis"},"image":{"@id":"https:\/\/excelis-sa.com\/#\/schema\/logo\/image\/"}}]}},"_links":{"self":[{"href":"https:\/\/excelis-sa.com\/en\/wp-json\/wp\/v2\/pages\/2973","targetHints":{"allow":["GET"]}}],"collection":[{"href":"https:\/\/excelis-sa.com\/en\/wp-json\/wp\/v2\/pages"}],"about":[{"href":"https:\/\/excelis-sa.com\/en\/wp-json\/wp\/v2\/types\/page"}],"author":[{"embeddable":true,"href":"https:\/\/excelis-sa.com\/en\/wp-json\/wp\/v2\/users\/1"}],"replies":[{"embeddable":true,"href":"https:\/\/excelis-sa.com\/en\/wp-json\/wp\/v2\/comments?post=2973"}],"version-history":[{"count":0,"href":"https:\/\/excelis-sa.com\/en\/wp-json\/wp\/v2\/pages\/2973\/revisions"}],"wp:attachment":[{"href":"https:\/\/excelis-sa.com\/en\/wp-json\/wp\/v2\/media?parent=2973"}],"curies":[{"name":"wp","href":"https:\/\/api.w.org\/{rel}","templated":true}]}}